{"id":6006,"date":"2023-11-23T17:14:39","date_gmt":"2023-11-23T16:14:39","guid":{"rendered":"https:\/\/www.milanpublictransportation.com\/flughafen-transfers\/mailand-malpensa-flughafen\/"},"modified":"2023-11-29T11:24:36","modified_gmt":"2023-11-29T10:24:36","slug":"mailand-malpensa-flughafen","status":"publish","type":"page","link":"https:\/\/www.milanpublictransportation.com\/de\/flughafen-transfers\/mailand-malpensa-flughafen\/","title":{"rendered":"Mailand Malpensa Flughafen"},"content":{"rendered":"\t\t<div data-elementor-type=\"wp-page\" data-elementor-id=\"6006\" class=\"elementor elementor-6006 elementor-4744\" data-elementor-post-type=\"page\">\n\t\t\t\t\t\t\t<div class=\"elementor-element elementor-element-a9f08b6 e-flex e-con-boxed e-con e-parent\" data-id=\"a9f08b6\" data-element_type=\"container\" data-settings=\"{&quot;background_background&quot;:&quot;classic&quot;,&quot;content_width&quot;:&quot;boxed&quot;}\" data-core-v316-plus=\"true\">\n\t\t\t\t\t<div class=\"e-con-inner\">\n\t\t<div class=\"elementor-element elementor-element-02942d9 e-con-full e-flex e-con e-child\" data-id=\"02942d9\" data-element_type=\"container\" data-settings=\"{&quot;content_width&quot;:&quot;full&quot;,&quot;background_background&quot;:&quot;classic&quot;}\">\n\t\t\t\t<div class=\"elementor-element elementor-element-c1fe0ad elementor-widget elementor-widget-shortcode\" data-id=\"c1fe0ad\" data-element_type=\"widget\" data-widget_type=\"shortcode.default\">\n\t\t\t\t<div class=\"elementor-widget-container\">\n\t\t\t\t\t<div class=\"elementor-shortcode\"><nav aria-label=\"breadcrumbs\" class=\"rank-math-breadcrumb\"><p><span class=\"last\">Milan Public Transportation<\/span><\/p><\/nav><\/div>\n\t\t\t\t<\/div>\n\t\t\t\t<\/div>\n\t\t\t\t<div class=\"elementor-element elementor-element-5456812 elementor-widget elementor-widget-heading\" data-id=\"5456812\" data-element_type=\"widget\" data-widget_type=\"heading.default\">\n\t\t\t\t<div class=\"elementor-widget-container\">\n\t\t\t<style>\/*! elementor - v3.18.0 - 20-12-2023 *\/\n.elementor-heading-title{padding:0;margin:0;line-height:1}.elementor-widget-heading .elementor-heading-title[class*=elementor-size-]>a{color:inherit;font-size:inherit;line-height:inherit}.elementor-widget-heading .elementor-heading-title.elementor-size-small{font-size:15px}.elementor-widget-heading .elementor-heading-title.elementor-size-medium{font-size:19px}.elementor-widget-heading .elementor-heading-title.elementor-size-large{font-size:29px}.elementor-widget-heading .elementor-heading-title.elementor-size-xl{font-size:39px}.elementor-widget-heading .elementor-heading-title.elementor-size-xxl{font-size:59px}<\/style><h1 class=\"elementor-heading-title elementor-size-default\">Mailand Malpensa Flughafen<\/h1>\t\t<\/div>\n\t\t\t\t<\/div>\n\t\t\t\t<div class=\"elementor-element elementor-element-67cca1e elementor-widget elementor-widget-text-editor\" data-id=\"67cca1e\" data-element_type=\"widget\" data-widget_type=\"text-editor.default\">\n\t\t\t\t<div class=\"elementor-widget-container\">\n\t\t\t<style>\/*! elementor - v3.18.0 - 20-12-2023 *\/\n.elementor-widget-text-editor.elementor-drop-cap-view-stacked .elementor-drop-cap{background-color:#69727d;color:#fff}.elementor-widget-text-editor.elementor-drop-cap-view-framed .elementor-drop-cap{color:#69727d;border:3px solid;background-color:transparent}.elementor-widget-text-editor:not(.elementor-drop-cap-view-default) .elementor-drop-cap{margin-top:8px}.elementor-widget-text-editor:not(.elementor-drop-cap-view-default) .elementor-drop-cap-letter{width:1em;height:1em}.elementor-widget-text-editor .elementor-drop-cap{float:left;text-align:center;line-height:1;font-size:50px}.elementor-widget-text-editor .elementor-drop-cap-letter{display:inline-block}<\/style>\t\t\t\t<p>Der Mail\u00e4nder Flughafen Malpensa (MXP) ist <strong>der gr\u00f6\u00dfte internationale Flughafen Mailands<\/strong> mit dem h\u00f6chsten Passagieraufkommen. <strong>J\u00e4hrlich<\/strong> reisen <strong>mehr als 28 Millionen Reisende<\/strong> von und nach Malpensa und sichern ihm damit die Position als zweitwichtigster Flughafen Italiens nach dem Flughafen Fiumicino in Rom.<\/p>\n<p>Ein Nachteil dieses Flughafens ist jedoch seine betr\u00e4chtliche Entfernung zum Stadtzentrum von Mailand. <strong>Er liegt 25 Meilen (40 km) nordwestlich von Mailand<\/strong>, so dass Reisende eine betr\u00e4chtliche Strecke zur\u00fccklegen m\u00fcssen, um das Herz der Stadt zu erreichen.<\/p>\n\t\t\t\t\t\t<\/div>\n\t\t\t\t<\/div>\n\t\t\t\t<\/div>\n\t\t\t\t\t<\/div>\n\t\t\t\t<\/div>\n\t\t<div class=\"elementor-element elementor-element-23183d6 e-flex e-con-boxed e-con e-parent\" data-id=\"23183d6\" data-element_type=\"container\" data-settings=\"{&quot;background_background&quot;:&quot;classic&quot;,&quot;content_width&quot;:&quot;boxed&quot;}\" data-core-v316-plus=\"true\">\n\t\t\t\t\t<div class=\"e-con-inner\">\n\t\t<div class=\"elementor-element elementor-element-6ae3ab7 border-title e-con-full e-flex e-con e-child\" data-id=\"6ae3ab7\" data-element_type=\"container\" data-settings=\"{&quot;content_width&quot;:&quot;full&quot;}\">\n\t\t\t\t<div class=\"elementor-element elementor-element-417b901 elementor-widget elementor-widget-heading\" data-id=\"417b901\" data-element_type=\"widget\" data-widget_type=\"heading.default\">\n\t\t\t\t<div class=\"elementor-widget-container\">\n\t\t\t<h2 class=\"elementor-heading-title elementor-size-default\">Terminals<\/h2>\t\t<\/div>\n\t\t\t\t<\/div>\n\t\t\t\t<div class=\"elementor-element elementor-element-d8cba3e elementor-widget__width-initial elementor-widget elementor-widget-text-editor\" data-id=\"d8cba3e\" data-element_type=\"widget\" data-widget_type=\"text-editor.default\">\n\t\t\t\t<div class=\"elementor-widget-container\">\n\t\t\t\t\t\t\t<p>Der Flughafen Malpensa besteht aus <strong>zwei Terminals<\/strong>, die weit voneinander entfernt sind. Es ist ratsam, sich im Voraus \u00fcber das Abflugterminal zu informieren, da <strong>die Transportm\u00f6glichkeiten mit Bus oder Bahn von Terminal zu Terminal unterschiedlich sein k\u00f6nnen<\/strong>. Sollte man aus Versehen den falschen Terminal erwischt haben, gibt es keinen Grund zur Sorge, denn <strong>beide Terminals sind durch einen kostenlosen Shuttle-Service, der alle 7 Minuten verkehrt, nahtlos miteinander verbunden<\/strong>.<\/p>\n<p>Vom Terminal 1 aus operieren in der Regel traditionelle Fluggesellschaften, w\u00e4hrend Terminal 2 auf Billigfluggesellschaften wie EasyJet ausgerichtet ist.<\/p>\n\t\t\t\t\t\t<\/div>\n\t\t\t\t<\/div>\n\t\t\t\t<\/div>\n\t\t<div class=\"elementor-element elementor-element-c65022b border-title e-con-full e-flex e-con e-child\" data-id=\"c65022b\" data-element_type=\"container\" data-settings=\"{&quot;content_width&quot;:&quot;full&quot;}\">\n\t\t\t\t<div class=\"elementor-element elementor-element-fc5853c elementor-widget elementor-widget-image\" data-id=\"fc5853c\" data-element_type=\"widget\" data-widget_type=\"image.default\">\n\t\t\t\t<div class=\"elementor-widget-container\">\n\t\t\t<style>\/*! elementor - v3.18.0 - 20-12-2023 *\/\n.elementor-widget-image{text-align:center}.elementor-widget-image a{display:inline-block}.elementor-widget-image a img[src$=\".svg\"]{width:48px}.elementor-widget-image img{vertical-align:middle;display:inline-block}<\/style>\t\t\t\t\t\t\t\t\t\t\t\t<img fetchpriority=\"high\" decoding=\"async\" width=\"800\" height=\"533\" src=\"https:\/\/www.milanpublictransportation.com\/wp-content\/uploads\/2023\/11\/milan_public_transportation_12.jpg\" class=\"attachment-large size-large wp-image-5562\" alt=\"\" srcset=\"https:\/\/www.milanpublictransportation.com\/wp-content\/uploads\/2023\/11\/milan_public_transportation_12.jpg 900w, https:\/\/www.milanpublictransportation.com\/wp-content\/uploads\/2023\/11\/milan_public_transportation_12-300x200.jpg 300w, https:\/\/www.milanpublictransportation.com\/wp-content\/uploads\/2023\/11\/milan_public_transportation_12-768x512.jpg 768w, https:\/\/www.milanpublictransportation.com\/wp-content\/uploads\/2023\/11\/milan_public_transportation_12-600x400.jpg 600w\" sizes=\"(max-width: 800px) 100vw, 800px\" \/>\t\t\t\t\t\t\t\t\t\t\t\t\t\t\t<\/div>\n\t\t\t\t<\/div>\n\t\t\t\t<\/div>\n\t\t\t\t\t<\/div>\n\t\t\t\t<\/div>\n\t\t<div class=\"elementor-element elementor-element-6245c68 e-flex e-con-boxed e-con e-parent\" data-id=\"6245c68\" data-element_type=\"container\" data-settings=\"{&quot;content_width&quot;:&quot;boxed&quot;}\" data-core-v316-plus=\"true\">\n\t\t\t\t\t<div class=\"e-con-inner\">\n\t\t<div class=\"elementor-element elementor-element-2d40ab1 e-flex e-con-boxed e-con e-child\" data-id=\"2d40ab1\" data-element_type=\"container\" data-settings=\"{&quot;content_width&quot;:&quot;boxed&quot;}\">\n\t\t\t\t\t<div class=\"e-con-inner\">\n\t\t\t\t<div class=\"elementor-element elementor-element-7379ac7 elementor-widget__width-inherit elementor-widget elementor-widget-heading\" data-id=\"7379ac7\" data-element_type=\"widget\" data-widget_type=\"heading.default\">\n\t\t\t\t<div class=\"elementor-widget-container\">\n\t\t\t<h2 class=\"elementor-heading-title elementor-size-default\">Anreise vom Flughafen Malpensa nach Mailand<\/h2>\t\t<\/div>\n\t\t\t\t<\/div>\n\t\t\t\t<div class=\"elementor-element elementor-element-e4aded7 elementor-widget__width-inherit elementor-widget elementor-widget-heading\" data-id=\"e4aded7\" data-element_type=\"widget\" data-widget_type=\"heading.default\">\n\t\t\t\t<div class=\"elementor-widget-container\">\n\t\t\t<h3 class=\"elementor-heading-title elementor-size-default\">Zug<\/h3>\t\t<\/div>\n\t\t\t\t<\/div>\n\t\t\t\t<div class=\"elementor-element elementor-element-4c1223b elementor-widget__width-inherit elementor-widget elementor-widget-text-editor\" data-id=\"4c1223b\" data-element_type=\"widget\" data-widget_type=\"text-editor.default\">\n\t\t\t\t<div class=\"elementor-widget-container\">\n\t\t\t\t\t\t\t<p><strong>Zwei Zugverbindungen<\/strong>, Malpensa Express und Trenitalia, <strong>verbinden das Terminal 1<\/strong> mit dem Stadtzentrum von Mailand. Der <strong>Malpensa Express<\/strong> verkehrt alle 20 bis 40 Minuten und ben\u00f6tigt etwa 50 Minuten, um Milano Centrale, Cadorna oder Mailand Porta Garibaldi zu erreichen. Eine Einzelfahrkarte nach Milano Centrale oder Cadorna kostet 13 \u20ac (14,20 US$), und die Z\u00fcge fahren etwa alle 15 Minuten.<\/p>\n\t\t\t\t\t\t<\/div>\n\t\t\t\t<\/div>\n\t\t\t\t\t<\/div>\n\t\t\t\t<\/div>\n\t\t<div class=\"elementor-element elementor-element-20d6d11 e-flex e-con-boxed e-con e-child\" data-id=\"20d6d11\" data-element_type=\"container\" data-settings=\"{&quot;content_width&quot;:&quot;boxed&quot;}\">\n\t\t\t\t\t<div class=\"e-con-inner\">\n\t\t\t\t<div class=\"elementor-element elementor-element-c189cf5 elementor-widget__width-inherit elementor-widget elementor-widget-heading\" data-id=\"c189cf5\" data-element_type=\"widget\" data-widget_type=\"heading.default\">\n\t\t\t\t<div class=\"elementor-widget-container\">\n\t\t\t<h3 class=\"elementor-heading-title elementor-size-default\">Bus<\/h3>\t\t<\/div>\n\t\t\t\t<\/div>\n\t\t\t\t<div class=\"elementor-element elementor-element-c91de25 elementor-widget__width-inherit elementor-widget elementor-widget-text-editor\" data-id=\"c91de25\" data-element_type=\"widget\" data-widget_type=\"text-editor.default\">\n\t\t\t\t<div class=\"elementor-widget-container\">\n\t\t\t\t\t\t\t<p>Das Busunternehmen Autostradale bietet <strong>eine regelm\u00e4\u00dfige Verbindung zwischen dem Mail\u00e4nder Hauptbahnhof und den beiden Terminals des Flughafens Malpensa<\/strong>. Die Busse von Mailand zum Flughafen fahren zwischen 4 Uhr morgens und 23 Uhr abends, w\u00e4hrend der erste Bus von Malpensa um 6 Uhr morgens abf\u00e4hrt und bis 12:30 Uhr (Mitternacht) f\u00e4hrt. <strong>Die Busse fahren alle 20 Minuten<\/strong> und brauchen fast eine Stunde, um das Stadtzentrum zu erreichen. Der Bustarif betr\u00e4gt 8 \u20ac (8,70 US$) f\u00fcr eine einfache Fahrt oder 14 \u20ac (15,30 US$) f\u00fcr eine Hin- und R\u00fcckfahrt. Kinder zwischen 3 und 11 Jahren zahlen 5 \u20ac (5,50 US$) pro Fahrt.<\/p>\n\t\t\t\t\t\t<\/div>\n\t\t\t\t<\/div>\n\t\t\t\t\t<\/div>\n\t\t\t\t<\/div>\n\t\t<div class=\"elementor-element elementor-element-54660eb e-flex e-con-boxed e-con e-child\" data-id=\"54660eb\" data-element_type=\"container\" data-settings=\"{&quot;content_width&quot;:&quot;boxed&quot;}\">\n\t\t\t\t\t<div class=\"e-con-inner\">\n\t\t\t\t<div class=\"elementor-element elementor-element-c45798b elementor-widget__width-inherit elementor-widget elementor-widget-heading\" data-id=\"c45798b\" data-element_type=\"widget\" data-widget_type=\"heading.default\">\n\t\t\t\t<div class=\"elementor-widget-container\">\n\t\t\t<h3 class=\"elementor-heading-title elementor-size-default\">Transferdienst<\/h3>\t\t<\/div>\n\t\t\t\t<\/div>\n\t\t\t\t<div class=\"elementor-element elementor-element-dec2389 elementor-widget__width-inherit elementor-widget elementor-widget-text-editor\" data-id=\"dec2389\" data-element_type=\"widget\" data-widget_type=\"text-editor.default\">\n\t\t\t\t<div class=\"elementor-widget-container\">\n\t\t\t\t\t\t\t<p>Wenn Sie einen nahtlosen und komfortablen Transfer w\u00fcnschen, sollten Sie einen <strong>privaten Flughafentransfer buchen<\/strong>. Ein Chauffeur erwartet Sie an Ihrem Terminal mit einem pers\u00f6nlichen Schild und sorgt f\u00fcr einen direkten Transfer zu Ihrem Hotel. Um eine reibungslose Reise zu gew\u00e4hrleisten und Missverst\u00e4ndnisse zu vermeiden, kann ein privater Flughafentransfer <strong>online<\/strong> zum Preis von 131 \u20ac (142,90 US$) gebucht werden.<\/p>\n\t\t\t\t\t\t<\/div>\n\t\t\t\t<\/div>\n\t\t\t\t\t<\/div>\n\t\t\t\t<\/div>\n\t\t<div class=\"elementor-element elementor-element-8a12804 e-flex e-con-boxed e-con e-child\" data-id=\"8a12804\" data-element_type=\"container\" data-settings=\"{&quot;content_width&quot;:&quot;boxed&quot;}\">\n\t\t\t\t\t<div class=\"e-con-inner\">\n\t\t\t\t<div class=\"elementor-element elementor-element-adda4de elementor-widget__width-inherit elementor-widget elementor-widget-heading\" data-id=\"adda4de\" data-element_type=\"widget\" data-widget_type=\"heading.default\">\n\t\t\t\t<div class=\"elementor-widget-container\">\n\t\t\t<h3 class=\"elementor-heading-title elementor-size-default\">Taxi<\/h3>\t\t<\/div>\n\t\t\t\t<\/div>\n\t\t\t\t<div class=\"elementor-element elementor-element-c29763c elementor-widget__width-inherit elementor-widget elementor-widget-text-editor\" data-id=\"c29763c\" data-element_type=\"widget\" data-widget_type=\"text-editor.default\">\n\t\t\t\t<div class=\"elementor-widget-container\">\n\t\t\t\t\t\t\t<p>Die Fahrt mit dem Taxi von Malpensa ins Mail\u00e4nder Stadtzentrum ist zwar bequem, aber aufgrund der Entfernung mit h\u00f6heren Kosten verbunden. Der <strong>Festpreis<\/strong> f\u00fcr die Fahrt betr\u00e4gt 100 \u20ac (109,10 US$) bei einer Fahrzeit von etwa 50 Minuten. W\u00e4hrend der Fahrt sollten keine zus\u00e4tzlichen Geb\u00fchren anfallen.<\/p>\n\t\t\t\t\t\t<\/div>\n\t\t\t\t<\/div>\n\t\t\t\t\t<\/div>\n\t\t\t\t<\/div>\n\t\t\t\t\t<\/div>\n\t\t\t\t<\/div>\n\t\t<div class=\"elementor-element elementor-element-0f82c3b e-flex e-con-boxed e-con e-parent\" data-id=\"0f82c3b\" data-element_type=\"container\" data-settings=\"{&quot;content_width&quot;:&quot;boxed&quot;}\" data-core-v316-plus=\"true\">\n\t\t\t\t\t<div class=\"e-con-inner\">\n\t\t\t\t<div class=\"elementor-element elementor-element-e65bf8c elementor-widget__width-inherit elementor-widget elementor-widget-heading\" data-id=\"e65bf8c\" data-element_type=\"widget\" data-widget_type=\"heading.default\">\n\t\t\t\t<div class=\"elementor-widget-container\">\n\t\t\t<h2 class=\"elementor-heading-title elementor-size-default\">Finden Sie die anderen Mail\u00e4nder Flugh\u00e4fen heraus<\/h2>\t\t<\/div>\n\t\t\t\t<\/div>\n\t\t<div class=\"elementor-element elementor-element-4bd3504 e-con-full e-flex e-con e-child\" data-id=\"4bd3504\" data-element_type=\"container\" data-settings=\"{&quot;content_width&quot;:&quot;full&quot;}\">\n\t\t\t\t<div class=\"elementor-element elementor-element-a224300 elementor-cta--skin-cover elementor-widget__width-initial elementor-widget elementor-widget-call-to-action\" data-id=\"a224300\" data-element_type=\"widget\" data-widget_type=\"call-to-action.default\">\n\t\t\t\t<div class=\"elementor-widget-container\">\n\t\t\t<link rel=\"stylesheet\" href=\"https:\/\/www.milanpublictransportation.com\/wp-content\/plugins\/elementor-pro\/assets\/css\/widget-call-to-action.min.css\">\t\t<a class=\"elementor-cta\" href=\"https:\/\/www.milanpublictransportation.com\/airport-transfers\/milan-linate-airport\/\">\n\t\t\t\t\t<div class=\"elementor-cta__bg-wrapper\">\n\t\t\t\t<div class=\"elementor-cta__bg elementor-bg\" style=\"background-image: url();\" role=\"img\" aria-label=\"\"><\/div>\n\t\t\t\t<div class=\"elementor-cta__bg-overlay\"><\/div>\n\t\t\t<\/div>\n\t\t\t\t\t\t\t<div class=\"elementor-cta__content\">\n\t\t\t\t\n\t\t\t\t\t\t\t\t\t<h3 class=\"elementor-cta__title elementor-cta__content-item elementor-content-item\">\n\t\t\t\t\t\tMailand Linate Flughafen (LIN)\t\t\t\t\t<\/h3>\n\t\t\t\t\n\t\t\t\t\t\t\t\t\t<div class=\"elementor-cta__description elementor-cta__content-item elementor-content-item\">\n\t\t\t\t\t\t<p>Der Flughafen Mailand Linate (LIN) ist nach dem gr\u00f6\u00dferen Flughafen Malpensa einer der drei Flugh\u00e4fen, die Mailand mit der ganzen Welt verbinden. Er tr\u00e4gt den Namen Flughafen Enrico Forlanini und ist <b>der n\u00e4chstgelegene Flughafen von Mailand<\/b>, nur 8 km s\u00fcd\u00f6stlich des Stadtzentrums gelegen.<\/p>\n\t\t\t\t\t<\/div>\n\t\t\t\t\n\t\t\t\t\t\t\t<\/div>\n\t\t\t\t\t\t<\/a>\n\t\t\t\t<\/div>\n\t\t\t\t<\/div>\n\t\t\t\t<div class=\"elementor-element elementor-element-f98cbb6 elementor-cta--skin-cover elementor-widget__width-initial elementor-widget elementor-widget-call-to-action\" data-id=\"f98cbb6\" data-element_type=\"widget\" data-widget_type=\"call-to-action.default\">\n\t\t\t\t<div class=\"elementor-widget-container\">\n\t\t\t\t\t<a class=\"elementor-cta\" href=\"https:\/\/www.milanpublictransportation.com\/airport-transfers\/bergamo-airport\/\">\n\t\t\t\t\t<div class=\"elementor-cta__bg-wrapper\">\n\t\t\t\t<div class=\"elementor-cta__bg elementor-bg\" style=\"background-image: url();\" role=\"img\" aria-label=\"\"><\/div>\n\t\t\t\t<div class=\"elementor-cta__bg-overlay\"><\/div>\n\t\t\t<\/div>\n\t\t\t\t\t\t\t<div class=\"elementor-cta__content\">\n\t\t\t\t\n\t\t\t\t\t\t\t\t\t<h3 class=\"elementor-cta__title elementor-cta__content-item elementor-content-item\">\n\t\t\t\t\t\tBergamo Flughafen (BGY)\t\t\t\t\t<\/h3>\n\t\t\t\t\n\t\t\t\t\t\t\t\t\t<div class=\"elementor-cta__description elementor-cta__content-item elementor-content-item\">\n\t\t\t\t\t\t<p>Der Flughafen Bergamo (BGY), <b>offiziell bekannt als Orio Al Serio Airport<\/b>, dient als Hauptdrehkreuz f\u00fcr Billigfluggesellschaften, die die Region Mailand anfliegen. Der Flughafen Bergamo liegt 45 km (30 Meilen) vom Stadtzentrum entfernt und ist damit genauso weit entfernt wie der Mail\u00e4nder Flughafen Malpensa.<\/p>\n\t\t\t\t\t<\/div>\n\t\t\t\t\n\t\t\t\t\t\t\t<\/div>\n\t\t\t\t\t\t<\/a>\n\t\t\t\t<\/div>\n\t\t\t\t<\/div>\n\t\t\t\t<\/div>\n\t\t\t\t\t<\/div>\n\t\t\t\t<\/div>\n\t\t\t\t\t\t\t<\/div>\n\t\t","protected":false},"excerpt":{"rendered":"<p>Mailand Malpensa Flughafen Der Mail\u00e4nder Flughafen Malpensa (MXP) ist der gr\u00f6\u00dfte internationale Flughafen Mailands mit dem h\u00f6chsten Passagieraufkommen. J\u00e4hrlich reisen mehr als 28 Millionen Reisende von und nach Malpensa und sichern ihm damit die Position als zweitwichtigster Flughafen Italiens nach dem Flughafen Fiumicino in Rom. Ein Nachteil dieses Flughafens ist jedoch seine betr\u00e4chtliche Entfernung zum [&hellip;]<\/p>\n","protected":false},"author":1,"featured_media":0,"parent":5996,"menu_order":0,"comment_status":"closed","ping_status":"closed","template":"elementor_header_footer","meta":{"footnotes":""},"class_list":["post-6006","page","type-page","status-publish","hentry"],"acf":[],"_links":{"self":[{"href":"https:\/\/www.milanpublictransportation.com\/de\/wp-json\/wp\/v2\/pages\/6006","targetHints":{"allow":["GET"]}}],"collection":[{"href":"https:\/\/www.milanpublictransportation.com\/de\/wp-json\/wp\/v2\/pages"}],"about":[{"href":"https:\/\/www.milanpublictransportation.com\/de\/wp-json\/wp\/v2\/types\/page"}],"author":[{"embeddable":true,"href":"https:\/\/www.milanpublictransportation.com\/de\/wp-json\/wp\/v2\/users\/1"}],"replies":[{"embeddable":true,"href":"https:\/\/www.milanpublictransportation.com\/de\/wp-json\/wp\/v2\/comments?post=6006"}],"version-history":[{"count":1,"href":"https:\/\/www.milanpublictransportation.com\/de\/wp-json\/wp\/v2\/pages\/6006\/revisions"}],"predecessor-version":[{"id":6007,"href":"https:\/\/www.milanpublictransportation.com\/de\/wp-json\/wp\/v2\/pages\/6006\/revisions\/6007"}],"up":[{"embeddable":true,"href":"https:\/\/www.milanpublictransportation.com\/de\/wp-json\/wp\/v2\/pages\/5996"}],"wp:attachment":[{"href":"https:\/\/www.milanpublictransportation.com\/de\/wp-json\/wp\/v2\/media?parent=6006"}],"curies":[{"name":"wp","href":"https:\/\/api.w.org\/{rel}","templated":true}]}}