{"id":6016,"date":"2023-11-23T17:32:18","date_gmt":"2023-11-23T16:32:18","guid":{"rendered":"https:\/\/www.milanpublictransportation.com\/flughafen-transfers\/flughafen-mailand-linate\/"},"modified":"2023-11-29T12:08:41","modified_gmt":"2023-11-29T11:08:41","slug":"flughafen-mailand-linate","status":"publish","type":"page","link":"https:\/\/www.milanpublictransportation.com\/de\/flughafen-transfers\/flughafen-mailand-linate\/","title":{"rendered":"Flughafen Mailand Linate"},"content":{"rendered":"\t\t<div data-elementor-type=\"wp-page\" data-elementor-id=\"6016\" class=\"elementor elementor-6016 elementor-4758\" data-elementor-post-type=\"page\">\n\t\t\t\t\t\t\t<div class=\"elementor-element elementor-element-a9f08b6 e-flex e-con-boxed e-con e-parent\" data-id=\"a9f08b6\" data-element_type=\"container\" data-settings=\"{&quot;background_background&quot;:&quot;classic&quot;,&quot;content_width&quot;:&quot;boxed&quot;}\" data-core-v316-plus=\"true\">\n\t\t\t\t\t<div class=\"e-con-inner\">\n\t\t<div class=\"elementor-element elementor-element-02942d9 e-con-full e-flex e-con e-child\" data-id=\"02942d9\" data-element_type=\"container\" data-settings=\"{&quot;content_width&quot;:&quot;full&quot;,&quot;background_background&quot;:&quot;classic&quot;}\">\n\t\t\t\t<div class=\"elementor-element elementor-element-c1fe0ad elementor-widget elementor-widget-shortcode\" data-id=\"c1fe0ad\" data-element_type=\"widget\" data-widget_type=\"shortcode.default\">\n\t\t\t\t<div class=\"elementor-widget-container\">\n\t\t\t\t\t<div class=\"elementor-shortcode\"><nav aria-label=\"breadcrumbs\" class=\"rank-math-breadcrumb\"><p><span class=\"last\">Milan Public Transportation<\/span><\/p><\/nav><\/div>\n\t\t\t\t<\/div>\n\t\t\t\t<\/div>\n\t\t\t\t<div class=\"elementor-element elementor-element-5456812 elementor-widget elementor-widget-heading\" data-id=\"5456812\" data-element_type=\"widget\" data-widget_type=\"heading.default\">\n\t\t\t\t<div class=\"elementor-widget-container\">\n\t\t\t<style>\/*! elementor - v3.18.0 - 20-12-2023 *\/\n.elementor-heading-title{padding:0;margin:0;line-height:1}.elementor-widget-heading .elementor-heading-title[class*=elementor-size-]>a{color:inherit;font-size:inherit;line-height:inherit}.elementor-widget-heading .elementor-heading-title.elementor-size-small{font-size:15px}.elementor-widget-heading .elementor-heading-title.elementor-size-medium{font-size:19px}.elementor-widget-heading .elementor-heading-title.elementor-size-large{font-size:29px}.elementor-widget-heading .elementor-heading-title.elementor-size-xl{font-size:39px}.elementor-widget-heading .elementor-heading-title.elementor-size-xxl{font-size:59px}<\/style><h1 class=\"elementor-heading-title elementor-size-default\">Flughafen Mailand Linate<\/h1>\t\t<\/div>\n\t\t\t\t<\/div>\n\t\t\t\t<div class=\"elementor-element elementor-element-67cca1e elementor-widget elementor-widget-text-editor\" data-id=\"67cca1e\" data-element_type=\"widget\" data-widget_type=\"text-editor.default\">\n\t\t\t\t<div class=\"elementor-widget-container\">\n\t\t\t<style>\/*! elementor - v3.18.0 - 20-12-2023 *\/\n.elementor-widget-text-editor.elementor-drop-cap-view-stacked .elementor-drop-cap{background-color:#69727d;color:#fff}.elementor-widget-text-editor.elementor-drop-cap-view-framed .elementor-drop-cap{color:#69727d;border:3px solid;background-color:transparent}.elementor-widget-text-editor:not(.elementor-drop-cap-view-default) .elementor-drop-cap{margin-top:8px}.elementor-widget-text-editor:not(.elementor-drop-cap-view-default) .elementor-drop-cap-letter{width:1em;height:1em}.elementor-widget-text-editor .elementor-drop-cap{float:left;text-align:center;line-height:1;font-size:50px}.elementor-widget-text-editor .elementor-drop-cap-letter{display:inline-block}<\/style>\t\t\t\t<p>Der Flughafen Mailand Linate (LIN) geh\u00f6rt zu <strong>dem Trio von Flugh\u00e4fen, die Mailand global verbinden<\/strong>, und folgt dem gr\u00f6\u00dferen Flughafen Malpensa.<\/p>\n\t\t\t\t\t\t<\/div>\n\t\t\t\t<\/div>\n\t\t\t\t<\/div>\n\t\t\t\t\t<\/div>\n\t\t\t\t<\/div>\n\t\t<div class=\"elementor-element elementor-element-23183d6 e-flex e-con-boxed e-con e-parent\" data-id=\"23183d6\" data-element_type=\"container\" data-settings=\"{&quot;background_background&quot;:&quot;classic&quot;,&quot;content_width&quot;:&quot;boxed&quot;}\" data-core-v316-plus=\"true\">\n\t\t\t\t\t<div class=\"e-con-inner\">\n\t\t<div class=\"elementor-element elementor-element-6ae3ab7 border-title e-con-full e-flex e-con e-child\" data-id=\"6ae3ab7\" data-element_type=\"container\" data-settings=\"{&quot;content_width&quot;:&quot;full&quot;}\">\n\t\t\t\t<div class=\"elementor-element elementor-element-417b901 elementor-widget elementor-widget-heading\" data-id=\"417b901\" data-element_type=\"widget\" data-widget_type=\"heading.default\">\n\t\t\t\t<div class=\"elementor-widget-container\">\n\t\t\t<h2 class=\"elementor-heading-title elementor-size-default\">Der n\u00e4chstgelegene Flughafen<\/h2>\t\t<\/div>\n\t\t\t\t<\/div>\n\t\t\t\t<div class=\"elementor-element elementor-element-d8cba3e elementor-widget__width-initial elementor-widget elementor-widget-text-editor\" data-id=\"d8cba3e\" data-element_type=\"widget\" data-widget_type=\"text-editor.default\">\n\t\t\t\t<div class=\"elementor-widget-container\">\n\t\t\t\t\t\t\t<p>Der bemerkenswert benannte <strong>Flughafen Enrico Forlanini<\/strong>, zu Ehren des italienischen Erfinders und Luftfahrtpioniers, tr\u00e4gt die Auszeichnung, <strong>der n\u00e4chstgelegene Flughafen zu Mailand zu sein und befindet sich nur<\/strong> <strong>8 km<\/strong> <strong>s\u00fcd\u00f6stlich des Stadtzentrums<\/strong>.<\/p>\n<p>Trotz seiner N\u00e4he verzeichnet der Flughafen Linate die wenigsten Passagiere unter den drei internationalen Flugh\u00e4fen und begr\u00fc\u00dft j\u00e4hrlich etwa 9,5 Millionen Passagiere.<\/p>\n<p>Der Flughafen Linate erleichtert haupts\u00e4chlich <strong>Inlandsfl\u00fcge<\/strong> und eine begrenzte Anzahl von <strong>Fl\u00fcgen aus anderen L\u00e4ndern der Europ\u00e4ischen Union.<\/strong><\/p>\n\t\t\t\t\t\t<\/div>\n\t\t\t\t<\/div>\n\t\t\t\t<\/div>\n\t\t<div class=\"elementor-element elementor-element-c65022b border-title e-con-full e-flex e-con e-child\" data-id=\"c65022b\" data-element_type=\"container\" data-settings=\"{&quot;content_width&quot;:&quot;full&quot;}\">\n\t\t\t\t<div class=\"elementor-element elementor-element-fc5853c elementor-widget elementor-widget-image\" data-id=\"fc5853c\" data-element_type=\"widget\" data-widget_type=\"image.default\">\n\t\t\t\t<div class=\"elementor-widget-container\">\n\t\t\t<style>\/*! elementor - v3.18.0 - 20-12-2023 *\/\n.elementor-widget-image{text-align:center}.elementor-widget-image a{display:inline-block}.elementor-widget-image a img[src$=\".svg\"]{width:48px}.elementor-widget-image img{vertical-align:middle;display:inline-block}<\/style>\t\t\t\t\t\t\t\t\t\t\t\t<img fetchpriority=\"high\" decoding=\"async\" width=\"800\" height=\"533\" src=\"https:\/\/www.milanpublictransportation.com\/wp-content\/uploads\/2023\/11\/milan_public_transportation_27.jpg\" class=\"attachment-large size-large wp-image-5584\" alt=\"\" srcset=\"https:\/\/www.milanpublictransportation.com\/wp-content\/uploads\/2023\/11\/milan_public_transportation_27.jpg 900w, https:\/\/www.milanpublictransportation.com\/wp-content\/uploads\/2023\/11\/milan_public_transportation_27-300x200.jpg 300w, https:\/\/www.milanpublictransportation.com\/wp-content\/uploads\/2023\/11\/milan_public_transportation_27-768x512.jpg 768w, https:\/\/www.milanpublictransportation.com\/wp-content\/uploads\/2023\/11\/milan_public_transportation_27-600x400.jpg 600w\" sizes=\"(max-width: 800px) 100vw, 800px\" \/>\t\t\t\t\t\t\t\t\t\t\t\t\t\t\t<\/div>\n\t\t\t\t<\/div>\n\t\t\t\t<\/div>\n\t\t\t\t\t<\/div>\n\t\t\t\t<\/div>\n\t\t<div class=\"elementor-element elementor-element-2eabea3 e-flex e-con-boxed e-con e-parent\" data-id=\"2eabea3\" data-element_type=\"container\" data-settings=\"{&quot;content_width&quot;:&quot;boxed&quot;}\" data-core-v316-plus=\"true\">\n\t\t\t\t\t<div class=\"e-con-inner\">\n\t\t<div class=\"elementor-element elementor-element-29256a5 e-flex e-con-boxed e-con e-child\" data-id=\"29256a5\" data-element_type=\"container\" data-settings=\"{&quot;content_width&quot;:&quot;boxed&quot;}\">\n\t\t\t\t\t<div class=\"e-con-inner\">\n\t\t\t\t<div class=\"elementor-element elementor-element-a6c9874 elementor-widget__width-inherit elementor-widget elementor-widget-heading\" data-id=\"a6c9874\" data-element_type=\"widget\" data-widget_type=\"heading.default\">\n\t\t\t\t<div class=\"elementor-widget-container\">\n\t\t\t<h2 class=\"elementor-heading-title elementor-size-default\">Nach Mailand gelangen vom Flughafen Linate:<\/h2>\t\t<\/div>\n\t\t\t\t<\/div>\n\t\t\t\t<div class=\"elementor-element elementor-element-cc8d268 elementor-widget__width-inherit elementor-widget elementor-widget-heading\" data-id=\"cc8d268\" data-element_type=\"widget\" data-widget_type=\"heading.default\">\n\t\t\t\t<div class=\"elementor-widget-container\">\n\t\t\t<h3 class=\"elementor-heading-title elementor-size-default\">Stadtbus<\/h3>\t\t<\/div>\n\t\t\t\t<\/div>\n\t\t\t\t<div class=\"elementor-element elementor-element-9e034de elementor-widget__width-inherit elementor-widget elementor-widget-text-editor\" data-id=\"9e034de\" data-element_type=\"widget\" data-widget_type=\"text-editor.default\">\n\t\t\t\t<div class=\"elementor-widget-container\">\n\t\t\t\t\t\t\t<p><strong>Die st\u00e4dtischen Busse von Mailand<\/strong>, <strong>73 und X73<\/strong>, bieten eine kosteng\u00fcnstige Verbindung zwischen dem Flughafen und der U-Bahn-Station San Babila. Der Bus 73 verkehrt t\u00e4glich und f\u00e4hrt alle 10 Minuten ab, w\u00e4hrend der Bus X73 von Montag bis Freitag alle 20 Minuten verkehrt.<\/p>\n<p><strong>Der Service beginnt um 6:05 Uhr, und der letzte Bus f\u00e4hrt um 00:40 Uhr<\/strong> (Mitternacht) ab.<\/p>\n<p>Diese Busse bieten eine <strong>kosteng\u00fcnstige Reisem\u00f6glichkeit<\/strong>, beachten Sie jedoch, dass der Kauf von Tickets an Bord zus\u00e4tzliche Geb\u00fchren verursacht.<\/p>\n\t\t\t\t\t\t<\/div>\n\t\t\t\t<\/div>\n\t\t\t\t\t<\/div>\n\t\t\t\t<\/div>\n\t\t<div class=\"elementor-element elementor-element-ee9e7d7 e-flex e-con-boxed e-con e-child\" data-id=\"ee9e7d7\" data-element_type=\"container\" data-settings=\"{&quot;content_width&quot;:&quot;boxed&quot;}\">\n\t\t\t\t\t<div class=\"e-con-inner\">\n\t\t\t\t<div class=\"elementor-element elementor-element-41ee586 elementor-widget__width-inherit elementor-widget elementor-widget-heading\" data-id=\"41ee586\" data-element_type=\"widget\" data-widget_type=\"heading.default\">\n\t\t\t\t<div class=\"elementor-widget-container\">\n\t\t\t<h3 class=\"elementor-heading-title elementor-size-default\">Andere Busse<\/h3>\t\t<\/div>\n\t\t\t\t<\/div>\n\t\t\t\t<div class=\"elementor-element elementor-element-d84dfae elementor-widget__width-inherit elementor-widget elementor-widget-text-editor\" data-id=\"d84dfae\" data-element_type=\"widget\" data-widget_type=\"text-editor.default\">\n\t\t\t\t<div class=\"elementor-widget-container\">\n\t\t\t\t\t\t\t<p><b>Starfly<\/b>: Im Einsatz von 6:10 Uhr bis 23:30 Uhr an Wochentagen und von 6:30 Uhr bis 22:00 Uhr am Wochenende verbindet Starfly den Flughafen Linate mit dem Stadtzentrum, einschlie\u00dflich Haltestellen in Lambrate und den Bahnh\u00f6fen Milano Centrale. Die Fahrt dauert etwa 25 Minuten und kostet 5 \u20ac (5,50 $ US), wobei der Bus alle 20 bis 30 Minuten f\u00e4hrt.<br \/><b>Air Bus<\/b>: Der erste Air Bus f\u00e4hrt um 6:30 Uhr ab und verkehrt bis 23:30 Uhr, ben\u00f6tigt 25 Minuten, um Milano Centrale (Piazza Luigi da Savoia) mit einem Halt an Piazza Dateo zu erreichen. Ein einfaches Ticket kostet 5 \u20ac (5,50 $ US), und ein R\u00fcckfahrticket kostet 9 \u20ac (9,80 $ US).<\/p>\n\t\t\t\t\t\t<\/div>\n\t\t\t\t<\/div>\n\t\t\t\t\t<\/div>\n\t\t\t\t<\/div>\n\t\t<div class=\"elementor-element elementor-element-000d133 e-flex e-con-boxed e-con e-child\" data-id=\"000d133\" data-element_type=\"container\" data-settings=\"{&quot;content_width&quot;:&quot;boxed&quot;}\">\n\t\t\t\t\t<div class=\"e-con-inner\">\n\t\t\t\t<div class=\"elementor-element elementor-element-3b416dc elementor-widget__width-inherit elementor-widget elementor-widget-heading\" data-id=\"3b416dc\" data-element_type=\"widget\" data-widget_type=\"heading.default\">\n\t\t\t\t<div class=\"elementor-widget-container\">\n\t\t\t<h3 class=\"elementor-heading-title elementor-size-default\">Transfer-Service<\/h3>\t\t<\/div>\n\t\t\t\t<\/div>\n\t\t\t\t<div class=\"elementor-element elementor-element-4fa80ce elementor-widget__width-inherit elementor-widget elementor-widget-text-editor\" data-id=\"4fa80ce\" data-element_type=\"widget\" data-widget_type=\"text-editor.default\">\n\t\t\t\t<div class=\"elementor-widget-container\">\n\t\t\t\t\t\t\t<p>F\u00fcr eine reibungslose und schnelle Fahrt zu Ihrem Hotel sollten Sie einen <strong>privaten Transfer-Service vom Flughafen Linate buchen<\/strong>. Ein Chauffeur steht am Terminal bereit und sorgt f\u00fcr einen direkten Transfer zu Ihrer Unterkunft.<\/p>\n<p>Um ein stressfreies Erlebnis zu garantieren und m\u00f6gliche Missverst\u00e4ndnisse zu vermeiden, steht die <strong>Online-Buchung<\/strong> f\u00fcr einen privaten Flughafentransfer zum Preis von 55 \u20ac (60 $ US) zur Verf\u00fcgung.<\/p>\n\t\t\t\t\t\t<\/div>\n\t\t\t\t<\/div>\n\t\t\t\t\t<\/div>\n\t\t\t\t<\/div>\n\t\t<div class=\"elementor-element elementor-element-72becef e-flex e-con-boxed e-con e-child\" data-id=\"72becef\" data-element_type=\"container\" data-settings=\"{&quot;content_width&quot;:&quot;boxed&quot;}\">\n\t\t\t\t\t<div class=\"e-con-inner\">\n\t\t\t\t<div class=\"elementor-element elementor-element-314f6fe elementor-widget__width-inherit elementor-widget elementor-widget-heading\" data-id=\"314f6fe\" data-element_type=\"widget\" data-widget_type=\"heading.default\">\n\t\t\t\t<div class=\"elementor-widget-container\">\n\t\t\t<h3 class=\"elementor-heading-title elementor-size-default\">Taxi<\/h3>\t\t<\/div>\n\t\t\t\t<\/div>\n\t\t\t\t<div class=\"elementor-element elementor-element-7234546 elementor-widget__width-inherit elementor-widget elementor-widget-text-editor\" data-id=\"7234546\" data-element_type=\"widget\" data-widget_type=\"text-editor.default\">\n\t\t\t\t<div class=\"elementor-widget-container\">\n\t\t\t\t\t\t\t<p>Taxis vom Flughafen Linate haben keinen festen Preis und funktionieren auf Basis des Taxameters. Der Fahrpreis ins Stadtzentrum liegt in der Regel <strong>zwischen 30 \u20ac<\/strong> (<strong>32,70 $ US<\/strong>) <strong>und 40 \u20ac<\/strong> (<strong>43,60 $ US<\/strong>).<\/p>\n\t\t\t\t\t\t<\/div>\n\t\t\t\t<\/div>\n\t\t\t\t\t<\/div>\n\t\t\t\t<\/div>\n\t\t\t\t\t<\/div>\n\t\t\t\t<\/div>\n\t\t<div class=\"elementor-element elementor-element-2e65fa7 e-flex e-con-boxed e-con e-parent\" data-id=\"2e65fa7\" data-element_type=\"container\" data-settings=\"{&quot;content_width&quot;:&quot;boxed&quot;}\" data-core-v316-plus=\"true\">\n\t\t\t\t\t<div class=\"e-con-inner\">\n\t\t\t\t<div class=\"elementor-element elementor-element-67473e4 elementor-widget__width-inherit elementor-widget elementor-widget-heading\" data-id=\"67473e4\" data-element_type=\"widget\" data-widget_type=\"heading.default\">\n\t\t\t\t<div class=\"elementor-widget-container\">\n\t\t\t<h2 class=\"elementor-heading-title elementor-size-default\">Finden Sie die anderen Mail\u00e4nder Flugh\u00e4fen heraus<\/h2>\t\t<\/div>\n\t\t\t\t<\/div>\n\t\t<div class=\"elementor-element elementor-element-17f77b5 e-con-full e-flex e-con e-child\" data-id=\"17f77b5\" data-element_type=\"container\" data-settings=\"{&quot;content_width&quot;:&quot;full&quot;}\">\n\t\t\t\t<div class=\"elementor-element elementor-element-2f40751 elementor-cta--skin-cover elementor-widget__width-initial elementor-widget elementor-widget-call-to-action\" data-id=\"2f40751\" data-element_type=\"widget\" data-widget_type=\"call-to-action.default\">\n\t\t\t\t<div class=\"elementor-widget-container\">\n\t\t\t<link rel=\"stylesheet\" href=\"https:\/\/www.milanpublictransportation.com\/wp-content\/plugins\/elementor-pro\/assets\/css\/widget-call-to-action.min.css\">\t\t<a class=\"elementor-cta\" href=\"https:\/\/www.milanpublictransportation.com\/airport-transfers\/milan-malpensa-airport\/\">\n\t\t\t\t\t<div class=\"elementor-cta__bg-wrapper\">\n\t\t\t\t<div class=\"elementor-cta__bg elementor-bg\" style=\"background-image: url();\" role=\"img\" aria-label=\"\"><\/div>\n\t\t\t\t<div class=\"elementor-cta__bg-overlay\"><\/div>\n\t\t\t<\/div>\n\t\t\t\t\t\t\t<div class=\"elementor-cta__content\">\n\t\t\t\t\n\t\t\t\t\t\t\t\t\t<h3 class=\"elementor-cta__title elementor-cta__content-item elementor-content-item\">\n\t\t\t\t\t\tMailand Malpensa Flughafen (MXP)\t\t\t\t\t<\/h3>\n\t\t\t\t\n\t\t\t\t\t\t\t\t\t<div class=\"elementor-cta__description elementor-cta__content-item elementor-content-item\">\n\t\t\t\t\t\t<p>Der Flughafen Mailand Malpensa (MXP) ist der <b>gr\u00f6\u00dfte internationale Flughafen Mailands<\/b> und hat das h\u00f6chste Passagieraufkommen. J\u00e4hrlich reisen mehr als 28 Millionen Reisende von und nach Malpensa, wodurch der Flughafen seine Position als <b>zweitwichtigster Flughafen Italiens<\/b> festigt.<\/p>\n\t\t\t\t\t<\/div>\n\t\t\t\t\n\t\t\t\t\t\t\t<\/div>\n\t\t\t\t\t\t<\/a>\n\t\t\t\t<\/div>\n\t\t\t\t<\/div>\n\t\t\t\t<div class=\"elementor-element elementor-element-249b8d3 elementor-cta--skin-cover elementor-widget__width-initial elementor-widget elementor-widget-call-to-action\" data-id=\"249b8d3\" data-element_type=\"widget\" data-widget_type=\"call-to-action.default\">\n\t\t\t\t<div class=\"elementor-widget-container\">\n\t\t\t\t\t<a class=\"elementor-cta\" href=\"https:\/\/www.milanpublictransportation.com\/airport-transfers\/bergamo-airport\/\">\n\t\t\t\t\t<div class=\"elementor-cta__bg-wrapper\">\n\t\t\t\t<div class=\"elementor-cta__bg elementor-bg\" style=\"background-image: url();\" role=\"img\" aria-label=\"\"><\/div>\n\t\t\t\t<div class=\"elementor-cta__bg-overlay\"><\/div>\n\t\t\t<\/div>\n\t\t\t\t\t\t\t<div class=\"elementor-cta__content\">\n\t\t\t\t\n\t\t\t\t\t\t\t\t\t<h3 class=\"elementor-cta__title elementor-cta__content-item elementor-content-item\">\n\t\t\t\t\t\tBergamo Flughafen (BGY)\t\t\t\t\t<\/h3>\n\t\t\t\t\n\t\t\t\t\t\t\t\t\t<div class=\"elementor-cta__description elementor-cta__content-item elementor-content-item\">\n\t\t\t\t\t\t<p>Der Flughafen Bergamo (BGY), <b>offiziell bekannt als Orio Al Serio Airport<\/b>, dient als Hauptdrehkreuz f\u00fcr Billigfluggesellschaften, die die Region Mailand anfliegen. Der Flughafen Bergamo liegt 45 km (30 Meilen) vom Stadtzentrum entfernt und ist damit genauso weit entfernt wie der Mail\u00e4nder Flughafen Malpensa.<\/p>\n\t\t\t\t\t<\/div>\n\t\t\t\t\n\t\t\t\t\t\t\t<\/div>\n\t\t\t\t\t\t<\/a>\n\t\t\t\t<\/div>\n\t\t\t\t<\/div>\n\t\t\t\t<\/div>\n\t\t\t\t\t<\/div>\n\t\t\t\t<\/div>\n\t\t\t\t\t\t\t<\/div>\n\t\t","protected":false},"excerpt":{"rendered":"<p>Flughafen Mailand Linate Der Flughafen Mailand Linate (LIN) geh\u00f6rt zu dem Trio von Flugh\u00e4fen, die Mailand global verbinden, und folgt dem gr\u00f6\u00dferen Flughafen Malpensa. Der n\u00e4chstgelegene Flughafen Der bemerkenswert benannte Flughafen Enrico Forlanini, zu Ehren des italienischen Erfinders und Luftfahrtpioniers, tr\u00e4gt die Auszeichnung, der n\u00e4chstgelegene Flughafen zu Mailand zu sein und befindet sich nur 8 [&hellip;]<\/p>\n","protected":false},"author":1,"featured_media":0,"parent":5996,"menu_order":0,"comment_status":"closed","ping_status":"closed","template":"elementor_header_footer","meta":{"footnotes":""},"class_list":["post-6016","page","type-page","status-publish","hentry"],"acf":[],"_links":{"self":[{"href":"https:\/\/www.milanpublictransportation.com\/de\/wp-json\/wp\/v2\/pages\/6016","targetHints":{"allow":["GET"]}}],"collection":[{"href":"https:\/\/www.milanpublictransportation.com\/de\/wp-json\/wp\/v2\/pages"}],"about":[{"href":"https:\/\/www.milanpublictransportation.com\/de\/wp-json\/wp\/v2\/types\/page"}],"author":[{"embeddable":true,"href":"https:\/\/www.milanpublictransportation.com\/de\/wp-json\/wp\/v2\/users\/1"}],"replies":[{"embeddable":true,"href":"https:\/\/www.milanpublictransportation.com\/de\/wp-json\/wp\/v2\/comments?post=6016"}],"version-history":[{"count":1,"href":"https:\/\/www.milanpublictransportation.com\/de\/wp-json\/wp\/v2\/pages\/6016\/revisions"}],"predecessor-version":[{"id":6017,"href":"https:\/\/www.milanpublictransportation.com\/de\/wp-json\/wp\/v2\/pages\/6016\/revisions\/6017"}],"up":[{"embeddable":true,"href":"https:\/\/www.milanpublictransportation.com\/de\/wp-json\/wp\/v2\/pages\/5996"}],"wp:attachment":[{"href":"https:\/\/www.milanpublictransportation.com\/de\/wp-json\/wp\/v2\/media?parent=6016"}],"curies":[{"name":"wp","href":"https:\/\/api.w.org\/{rel}","templated":true}]}}