{"id":6049,"date":"2023-11-22T15:58:13","date_gmt":"2023-11-22T14:58:13","guid":{"rendered":"https:\/\/www.milanpublictransportation.com\/como-llegar-a-milan\/"},"modified":"2023-11-30T11:20:34","modified_gmt":"2023-11-30T10:20:34","slug":"como-llegar-a-milan","status":"publish","type":"page","link":"https:\/\/www.milanpublictransportation.com\/es\/como-llegar-a-milan\/","title":{"rendered":"C\u00f3mo llegar a Mil\u00e1n"},"content":{"rendered":"\t\t<div data-elementor-type=\"wp-page\" data-elementor-id=\"6049\" class=\"elementor elementor-6049 elementor-3864\" data-elementor-post-type=\"page\">\n\t\t\t\t\t\t\t<div class=\"elementor-element elementor-element-4ce794b e-flex e-con-boxed e-con e-parent\" data-id=\"4ce794b\" data-element_type=\"container\" data-settings=\"{&quot;background_background&quot;:&quot;classic&quot;,&quot;content_width&quot;:&quot;boxed&quot;}\" data-core-v316-plus=\"true\">\n\t\t\t\t\t<div class=\"e-con-inner\">\n\t\t<div class=\"elementor-element elementor-element-a6da9cd e-con-full e-flex e-con e-child\" data-id=\"a6da9cd\" data-element_type=\"container\" data-settings=\"{&quot;background_background&quot;:&quot;classic&quot;,&quot;content_width&quot;:&quot;full&quot;}\">\n\t\t\t\t<div class=\"elementor-element elementor-element-5e18b63 bc-white elementor-widget elementor-widget-shortcode\" data-id=\"5e18b63\" data-element_type=\"widget\" data-widget_type=\"shortcode.default\">\n\t\t\t\t<div class=\"elementor-widget-container\">\n\t\t\t\t\t<div class=\"elementor-shortcode\"><nav aria-label=\"breadcrumbs\" class=\"rank-math-breadcrumb\"><p><span class=\"last\">Milan Public Transportation<\/span><\/p><\/nav><\/div>\n\t\t\t\t<\/div>\n\t\t\t\t<\/div>\n\t\t\t\t<div class=\"elementor-element elementor-element-87bc4e0 elementor-widget elementor-widget-heading\" data-id=\"87bc4e0\" data-element_type=\"widget\" data-widget_type=\"heading.default\">\n\t\t\t\t<div class=\"elementor-widget-container\">\n\t\t\t<style>\/*! elementor - v3.18.0 - 20-12-2023 *\/\n.elementor-heading-title{padding:0;margin:0;line-height:1}.elementor-widget-heading .elementor-heading-title[class*=elementor-size-]>a{color:inherit;font-size:inherit;line-height:inherit}.elementor-widget-heading .elementor-heading-title.elementor-size-small{font-size:15px}.elementor-widget-heading .elementor-heading-title.elementor-size-medium{font-size:19px}.elementor-widget-heading .elementor-heading-title.elementor-size-large{font-size:29px}.elementor-widget-heading .elementor-heading-title.elementor-size-xl{font-size:39px}.elementor-widget-heading .elementor-heading-title.elementor-size-xxl{font-size:59px}<\/style><h1 class=\"elementor-heading-title elementor-size-default\">C\u00f3mo llegar a Mil\u00e1n<\/h1>\t\t<\/div>\n\t\t\t\t<\/div>\n\t\t\t\t<div class=\"elementor-element elementor-element-61c1378 elementor-widget elementor-widget-text-editor\" data-id=\"61c1378\" data-element_type=\"widget\" data-widget_type=\"text-editor.default\">\n\t\t\t\t<div class=\"elementor-widget-container\">\n\t\t\t<style>\/*! elementor - v3.18.0 - 20-12-2023 *\/\n.elementor-widget-text-editor.elementor-drop-cap-view-stacked .elementor-drop-cap{background-color:#69727d;color:#fff}.elementor-widget-text-editor.elementor-drop-cap-view-framed .elementor-drop-cap{color:#69727d;border:3px solid;background-color:transparent}.elementor-widget-text-editor:not(.elementor-drop-cap-view-default) .elementor-drop-cap{margin-top:8px}.elementor-widget-text-editor:not(.elementor-drop-cap-view-default) .elementor-drop-cap-letter{width:1em;height:1em}.elementor-widget-text-editor .elementor-drop-cap{float:left;text-align:center;line-height:1;font-size:50px}.elementor-widget-text-editor .elementor-drop-cap-letter{display:inline-block}<\/style>\t\t\t\t<p>Descubrir Mil\u00e1n implica navegar por diversas rutas, considerar precios, distancias y modos de viaje. Explora las diversas formas de llegar a Mil\u00e1n desde Estados Unidos, Canad\u00e1, Australia y Europa.<\/p>\n\t\t\t\t\t\t<\/div>\n\t\t\t\t<\/div>\n\t\t\t\t<\/div>\n\t\t\t\t\t<\/div>\n\t\t\t\t<\/div>\n\t\t<div class=\"elementor-element elementor-element-31da629 e-flex e-con-boxed e-con e-parent\" data-id=\"31da629\" data-element_type=\"container\" id=\"byplane\" data-settings=\"{&quot;background_background&quot;:&quot;classic&quot;,&quot;content_width&quot;:&quot;boxed&quot;}\" data-core-v316-plus=\"true\">\n\t\t\t\t\t<div class=\"e-con-inner\">\n\t\t<div class=\"elementor-element elementor-element-641bcf9 border-title e-con-full e-flex e-con e-child\" data-id=\"641bcf9\" data-element_type=\"container\" data-settings=\"{&quot;content_width&quot;:&quot;full&quot;}\">\n\t\t\t\t<div class=\"elementor-element elementor-element-aad0590 elementor-widget elementor-widget-heading\" data-id=\"aad0590\" data-element_type=\"widget\" data-widget_type=\"heading.default\">\n\t\t\t\t<div class=\"elementor-widget-container\">\n\t\t\t<h2 class=\"elementor-heading-title elementor-size-default\">En avi\u00f3n<\/h2>\t\t<\/div>\n\t\t\t\t<\/div>\n\t\t\t\t<div class=\"elementor-element elementor-element-123031e elementor-widget__width-initial elementor-widget elementor-widget-text-editor\" data-id=\"123031e\" data-element_type=\"widget\" data-widget_type=\"text-editor.default\">\n\t\t\t\t<div class=\"elementor-widget-container\">\n\t\t\t\t\t\t\t<p>Con la llegada de aerol\u00edneas de bajo costo europeas, Mil\u00e1n y Lombard\u00eda han surgido como destinos tur\u00edsticos codiciados en Italia. En proximidad a los encantadores lagos italianos y otros pueblos y aldeas notables, la capital de Lombard\u00eda ahora da la bienvenida o se despide de <strong>m\u00e1s de 50 millones de pasajeros en los <a href=\"https:\/\/www.milanpublictransportation.com\/es\/traslados-al-aeropuerto\/\" target=\"_blank\" rel=\"noopener\">aeropuertos de Mil\u00e1n<\/a><\/strong>.<\/p>\n\t\t\t\t\t\t<\/div>\n\t\t\t\t<\/div>\n\t\t\t\t<\/div>\n\t\t<div class=\"elementor-element elementor-element-3beeb29 border-title e-con-full e-flex e-con e-child\" data-id=\"3beeb29\" data-element_type=\"container\" data-settings=\"{&quot;content_width&quot;:&quot;full&quot;}\">\n\t\t\t\t<div class=\"elementor-element elementor-element-7191be5 elementor-widget elementor-widget-image\" data-id=\"7191be5\" data-element_type=\"widget\" data-widget_type=\"image.default\">\n\t\t\t\t<div class=\"elementor-widget-container\">\n\t\t\t<style>\/*! elementor - v3.18.0 - 20-12-2023 *\/\n.elementor-widget-image{text-align:center}.elementor-widget-image a{display:inline-block}.elementor-widget-image a img[src$=\".svg\"]{width:48px}.elementor-widget-image img{vertical-align:middle;display:inline-block}<\/style>\t\t\t\t\t\t\t\t\t\t\t\t<img fetchpriority=\"high\" decoding=\"async\" width=\"800\" height=\"533\" src=\"https:\/\/www.milanpublictransportation.com\/wp-content\/uploads\/2023\/11\/milan_public_transportation_12.jpg\" class=\"attachment-large size-large wp-image-5565\" alt=\"\" srcset=\"https:\/\/www.milanpublictransportation.com\/wp-content\/uploads\/2023\/11\/milan_public_transportation_12.jpg 900w, https:\/\/www.milanpublictransportation.com\/wp-content\/uploads\/2023\/11\/milan_public_transportation_12-300x200.jpg 300w, https:\/\/www.milanpublictransportation.com\/wp-content\/uploads\/2023\/11\/milan_public_transportation_12-768x512.jpg 768w, https:\/\/www.milanpublictransportation.com\/wp-content\/uploads\/2023\/11\/milan_public_transportation_12-600x400.jpg 600w\" sizes=\"(max-width: 800px) 100vw, 800px\" \/>\t\t\t\t\t\t\t\t\t\t\t\t\t\t\t<\/div>\n\t\t\t\t<\/div>\n\t\t\t\t<\/div>\n\t\t\t\t\t<\/div>\n\t\t\t\t<\/div>\n\t\t<div class=\"elementor-element elementor-element-af7e438 e-flex e-con-boxed e-con e-parent\" data-id=\"af7e438\" data-element_type=\"container\" id=\"bytrain\" data-settings=\"{&quot;background_background&quot;:&quot;classic&quot;,&quot;content_width&quot;:&quot;boxed&quot;}\" data-core-v316-plus=\"true\">\n\t\t\t\t\t<div class=\"e-con-inner\">\n\t\t<div class=\"elementor-element elementor-element-6a80767 border-title e-con-full e-flex e-con e-child\" data-id=\"6a80767\" data-element_type=\"container\" data-settings=\"{&quot;content_width&quot;:&quot;full&quot;}\">\n\t\t\t\t<div class=\"elementor-element elementor-element-1d7110a elementor-widget elementor-widget-image\" data-id=\"1d7110a\" data-element_type=\"widget\" data-widget_type=\"image.default\">\n\t\t\t\t<div class=\"elementor-widget-container\">\n\t\t\t\t\t\t\t\t\t\t\t\t\t\t\t<img decoding=\"async\" width=\"800\" height=\"533\" src=\"https:\/\/www.milanpublictransportation.com\/wp-content\/uploads\/2023\/11\/milan_public_transportation_28.jpg\" class=\"attachment-large size-large wp-image-5525\" alt=\"\" srcset=\"https:\/\/www.milanpublictransportation.com\/wp-content\/uploads\/2023\/11\/milan_public_transportation_28.jpg 900w, https:\/\/www.milanpublictransportation.com\/wp-content\/uploads\/2023\/11\/milan_public_transportation_28-300x200.jpg 300w, https:\/\/www.milanpublictransportation.com\/wp-content\/uploads\/2023\/11\/milan_public_transportation_28-768x512.jpg 768w, https:\/\/www.milanpublictransportation.com\/wp-content\/uploads\/2023\/11\/milan_public_transportation_28-600x400.jpg 600w\" sizes=\"(max-width: 800px) 100vw, 800px\" \/>\t\t\t\t\t\t\t\t\t\t\t\t\t\t\t<\/div>\n\t\t\t\t<\/div>\n\t\t\t\t<\/div>\n\t\t<div class=\"elementor-element elementor-element-550b3a4 border-title e-con-full e-flex e-con e-child\" data-id=\"550b3a4\" data-element_type=\"container\" data-settings=\"{&quot;content_width&quot;:&quot;full&quot;}\">\n\t\t\t\t<div class=\"elementor-element elementor-element-79ce7f0 elementor-widget elementor-widget-heading\" data-id=\"79ce7f0\" data-element_type=\"widget\" data-widget_type=\"heading.default\">\n\t\t\t\t<div class=\"elementor-widget-container\">\n\t\t\t<h2 class=\"elementor-heading-title elementor-size-default\">En tren<\/h2>\t\t<\/div>\n\t\t\t\t<\/div>\n\t\t\t\t<div class=\"elementor-element elementor-element-72eddcb elementor-widget__width-initial elementor-widget elementor-widget-text-editor\" data-id=\"72eddcb\" data-element_type=\"widget\" data-widget_type=\"text-editor.default\">\n\t\t\t\t<div class=\"elementor-widget-container\">\n\t\t\t\t\t\t\t<p>Explorar Italia durante tu estancia en Mil\u00e1n es f\u00e1cil gracias a una extensa red de trenes. Los trenes ofrecen el mejor medio de transporte para atravesar el pa\u00eds, brindando una experiencia de viaje c\u00f3moda y eficiente.<\/p>\n<p>Si tu viaje te lleva de Venecia a Mil\u00e1n, el viaje en tren dura apenas 2 horas, mientras que el viaje desde Roma lleva aproximadamente 3 horas.<\/p>\n<p>Para aquellos con un horario m\u00e1s flexible, hay <strong>opciones de tren econ\u00f3micas<\/strong> que, aunque tardan un poco m\u00e1s, ofrecen una alternativa rentable.<\/p>\n<p>Si deseas consultar las rutas y tarifas, visita el <a href=\"https:\/\/www.fsitaliane.it\/\" target=\"_blank\" rel=\"noopener nofollow\">sitio web de Ferrovie dello Stato<\/a>.<\/p>\n\t\t\t\t\t\t<\/div>\n\t\t\t\t<\/div>\n\t\t\t\t<\/div>\n\t\t\t\t\t<\/div>\n\t\t\t\t<\/div>\n\t\t<div class=\"elementor-element elementor-element-cee261a e-flex e-con-boxed e-con e-parent\" data-id=\"cee261a\" data-element_type=\"container\" id=\"bybus\" data-settings=\"{&quot;background_background&quot;:&quot;classic&quot;,&quot;content_width&quot;:&quot;boxed&quot;}\" data-core-v316-plus=\"true\">\n\t\t\t\t\t<div class=\"e-con-inner\">\n\t\t<div class=\"elementor-element elementor-element-3ea2bb3 border-title e-con-full e-flex e-con e-child\" data-id=\"3ea2bb3\" data-element_type=\"container\" data-settings=\"{&quot;content_width&quot;:&quot;full&quot;}\">\n\t\t\t\t<div class=\"elementor-element elementor-element-5cdee06 elementor-widget elementor-widget-heading\" data-id=\"5cdee06\" data-element_type=\"widget\" data-widget_type=\"heading.default\">\n\t\t\t\t<div class=\"elementor-widget-container\">\n\t\t\t<h2 class=\"elementor-heading-title elementor-size-default\">En autob\u00fas<\/h2>\t\t<\/div>\n\t\t\t\t<\/div>\n\t\t\t\t<div class=\"elementor-element elementor-element-780d06e elementor-widget__width-initial elementor-widget elementor-widget-text-editor\" data-id=\"780d06e\" data-element_type=\"widget\" data-widget_type=\"text-editor.default\">\n\t\t\t\t<div class=\"elementor-widget-container\">\n\t\t\t\t\t\t\t<p>Para aquellos conscientes de su presupuesto, optar por viajar en autob\u00fas presenta una alternativa econ\u00f3mica para explorar el pa\u00eds, ofreciendo un medio de transporte econ\u00f3mico en comparaci\u00f3n con los viajes en tren.<\/p>\n\t\t\t\t\t\t<\/div>\n\t\t\t\t<\/div>\n\t\t\t\t<\/div>\n\t\t<div class=\"elementor-element elementor-element-ffc72f2 border-title e-con-full e-flex e-con e-child\" data-id=\"ffc72f2\" data-element_type=\"container\" data-settings=\"{&quot;content_width&quot;:&quot;full&quot;}\">\n\t\t\t\t<div class=\"elementor-element elementor-element-ed88a20 elementor-widget elementor-widget-image\" data-id=\"ed88a20\" data-element_type=\"widget\" data-widget_type=\"image.default\">\n\t\t\t\t<div class=\"elementor-widget-container\">\n\t\t\t\t\t\t\t\t\t\t\t\t\t\t\t<img decoding=\"async\" width=\"800\" height=\"533\" src=\"https:\/\/www.milanpublictransportation.com\/wp-content\/uploads\/2023\/11\/milan_public_transportation_25-1.jpg\" class=\"attachment-large size-large wp-image-5519\" alt=\"\" srcset=\"https:\/\/www.milanpublictransportation.com\/wp-content\/uploads\/2023\/11\/milan_public_transportation_25-1.jpg 900w, https:\/\/www.milanpublictransportation.com\/wp-content\/uploads\/2023\/11\/milan_public_transportation_25-1-300x200.jpg 300w, https:\/\/www.milanpublictransportation.com\/wp-content\/uploads\/2023\/11\/milan_public_transportation_25-1-768x512.jpg 768w, https:\/\/www.milanpublictransportation.com\/wp-content\/uploads\/2023\/11\/milan_public_transportation_25-1-600x400.jpg 600w\" sizes=\"(max-width: 800px) 100vw, 800px\" \/>\t\t\t\t\t\t\t\t\t\t\t\t\t\t\t<\/div>\n\t\t\t\t<\/div>\n\t\t\t\t<\/div>\n\t\t\t\t\t<\/div>\n\t\t\t\t<\/div>\n\t\t\t\t\t\t\t<\/div>\n\t\t","protected":false},"excerpt":{"rendered":"<p>C\u00f3mo llegar a Mil\u00e1n Descubrir Mil\u00e1n implica navegar por diversas rutas, considerar precios, distancias y modos de viaje. Explora las diversas formas de llegar a Mil\u00e1n desde Estados Unidos, Canad\u00e1, Australia y Europa. En avi\u00f3n Con la llegada de aerol\u00edneas de bajo costo europeas, Mil\u00e1n y Lombard\u00eda han surgido como destinos tur\u00edsticos codiciados en Italia. [&hellip;]<\/p>\n","protected":false},"author":1,"featured_media":0,"parent":0,"menu_order":0,"comment_status":"closed","ping_status":"closed","template":"elementor_header_footer","meta":{"footnotes":""},"class_list":["post-6049","page","type-page","status-publish","hentry"],"acf":[],"_links":{"self":[{"href":"https:\/\/www.milanpublictransportation.com\/es\/wp-json\/wp\/v2\/pages\/6049","targetHints":{"allow":["GET"]}}],"collection":[{"href":"https:\/\/www.milanpublictransportation.com\/es\/wp-json\/wp\/v2\/pages"}],"about":[{"href":"https:\/\/www.milanpublictransportation.com\/es\/wp-json\/wp\/v2\/types\/page"}],"author":[{"embeddable":true,"href":"https:\/\/www.milanpublictransportation.com\/es\/wp-json\/wp\/v2\/users\/1"}],"replies":[{"embeddable":true,"href":"https:\/\/www.milanpublictransportation.com\/es\/wp-json\/wp\/v2\/comments?post=6049"}],"version-history":[{"count":4,"href":"https:\/\/www.milanpublictransportation.com\/es\/wp-json\/wp\/v2\/pages\/6049\/revisions"}],"predecessor-version":[{"id":6404,"href":"https:\/\/www.milanpublictransportation.com\/es\/wp-json\/wp\/v2\/pages\/6049\/revisions\/6404"}],"wp:attachment":[{"href":"https:\/\/www.milanpublictransportation.com\/es\/wp-json\/wp\/v2\/media?parent=6049"}],"curies":[{"name":"wp","href":"https:\/\/api.w.org\/{rel}","templated":true}]}}