{"id":6004,"date":"2023-11-23T17:14:39","date_gmt":"2023-11-23T16:14:39","guid":{"rendered":"https:\/\/www.milanpublictransportation.com\/transferts-depuis-laeroport\/aeroport-de-milan-malpensa\/"},"modified":"2023-11-29T11:19:15","modified_gmt":"2023-11-29T10:19:15","slug":"aeroport-de-milan-malpensa","status":"publish","type":"page","link":"https:\/\/www.milanpublictransportation.com\/fr\/transferts-depuis-laeroport\/aeroport-de-milan-malpensa\/","title":{"rendered":"A\u00e9roport de Milan Malpensa"},"content":{"rendered":"\t\t<div data-elementor-type=\"wp-page\" data-elementor-id=\"6004\" class=\"elementor elementor-6004 elementor-4744\" data-elementor-post-type=\"page\">\n\t\t\t\t\t\t\t<div class=\"elementor-element elementor-element-a9f08b6 e-flex e-con-boxed e-con e-parent\" data-id=\"a9f08b6\" data-element_type=\"container\" data-settings=\"{&quot;background_background&quot;:&quot;classic&quot;,&quot;content_width&quot;:&quot;boxed&quot;}\" data-core-v316-plus=\"true\">\n\t\t\t\t\t<div class=\"e-con-inner\">\n\t\t<div class=\"elementor-element elementor-element-02942d9 e-con-full e-flex e-con e-child\" data-id=\"02942d9\" data-element_type=\"container\" data-settings=\"{&quot;content_width&quot;:&quot;full&quot;,&quot;background_background&quot;:&quot;classic&quot;}\">\n\t\t\t\t<div class=\"elementor-element elementor-element-c1fe0ad elementor-widget elementor-widget-shortcode\" data-id=\"c1fe0ad\" data-element_type=\"widget\" data-widget_type=\"shortcode.default\">\n\t\t\t\t<div class=\"elementor-widget-container\">\n\t\t\t\t\t<div class=\"elementor-shortcode\"><nav aria-label=\"breadcrumbs\" class=\"rank-math-breadcrumb\"><p><span class=\"last\">Milan Public Transportation<\/span><\/p><\/nav><\/div>\n\t\t\t\t<\/div>\n\t\t\t\t<\/div>\n\t\t\t\t<div class=\"elementor-element elementor-element-5456812 elementor-widget elementor-widget-heading\" data-id=\"5456812\" data-element_type=\"widget\" data-widget_type=\"heading.default\">\n\t\t\t\t<div class=\"elementor-widget-container\">\n\t\t\t<style>\/*! elementor - v3.18.0 - 20-12-2023 *\/\n.elementor-heading-title{padding:0;margin:0;line-height:1}.elementor-widget-heading .elementor-heading-title[class*=elementor-size-]>a{color:inherit;font-size:inherit;line-height:inherit}.elementor-widget-heading .elementor-heading-title.elementor-size-small{font-size:15px}.elementor-widget-heading .elementor-heading-title.elementor-size-medium{font-size:19px}.elementor-widget-heading .elementor-heading-title.elementor-size-large{font-size:29px}.elementor-widget-heading .elementor-heading-title.elementor-size-xl{font-size:39px}.elementor-widget-heading .elementor-heading-title.elementor-size-xxl{font-size:59px}<\/style><h1 class=\"elementor-heading-title elementor-size-default\">A\u00e9roport de Milan Malpensa<\/h1>\t\t<\/div>\n\t\t\t\t<\/div>\n\t\t\t\t<div class=\"elementor-element elementor-element-67cca1e elementor-widget elementor-widget-text-editor\" data-id=\"67cca1e\" data-element_type=\"widget\" data-widget_type=\"text-editor.default\">\n\t\t\t\t<div class=\"elementor-widget-container\">\n\t\t\t<style>\/*! elementor - v3.18.0 - 20-12-2023 *\/\n.elementor-widget-text-editor.elementor-drop-cap-view-stacked .elementor-drop-cap{background-color:#69727d;color:#fff}.elementor-widget-text-editor.elementor-drop-cap-view-framed .elementor-drop-cap{color:#69727d;border:3px solid;background-color:transparent}.elementor-widget-text-editor:not(.elementor-drop-cap-view-default) .elementor-drop-cap{margin-top:8px}.elementor-widget-text-editor:not(.elementor-drop-cap-view-default) .elementor-drop-cap-letter{width:1em;height:1em}.elementor-widget-text-editor .elementor-drop-cap{float:left;text-align:center;line-height:1;font-size:50px}.elementor-widget-text-editor .elementor-drop-cap-letter{display:inline-block}<\/style>\t\t\t\t<p>L&#8217;a\u00e9roport de Milan Malpensa (MXP) est <strong>le plus grand a\u00e9roport international de Milan<\/strong>, accueillant le plus grand nombre de passagers. <strong>Chaque ann\u00e9e<\/strong>, <strong>plus de 28 millions de voyageurs<\/strong> se rendent \u00e0 Malpensa ou en partent, ce qui lui vaut d&#8217;\u00eatre le deuxi\u00e8me a\u00e9roport le plus important d&#8217;Italie, juste derri\u00e8re l&#8217;a\u00e9roport Fiumicino de Rome.<\/p>\n<p>Cependant, l&#8217;un des inconv\u00e9nients de cet a\u00e9roport est son \u00e9loignement consid\u00e9rable du centre de Milan. <strong>Situ\u00e9 \u00e0 40 km au nord-ouest de Milan<\/strong>, il oblige les voyageurs \u00e0 parcourir une distance importante pour atteindre le c\u0153ur de la ville.<\/p>\n\t\t\t\t\t\t<\/div>\n\t\t\t\t<\/div>\n\t\t\t\t<\/div>\n\t\t\t\t\t<\/div>\n\t\t\t\t<\/div>\n\t\t<div class=\"elementor-element elementor-element-23183d6 e-flex e-con-boxed e-con e-parent\" data-id=\"23183d6\" data-element_type=\"container\" data-settings=\"{&quot;background_background&quot;:&quot;classic&quot;,&quot;content_width&quot;:&quot;boxed&quot;}\" data-core-v316-plus=\"true\">\n\t\t\t\t\t<div class=\"e-con-inner\">\n\t\t<div class=\"elementor-element elementor-element-6ae3ab7 border-title e-con-full e-flex e-con e-child\" data-id=\"6ae3ab7\" data-element_type=\"container\" data-settings=\"{&quot;content_width&quot;:&quot;full&quot;}\">\n\t\t\t\t<div class=\"elementor-element elementor-element-417b901 elementor-widget elementor-widget-heading\" data-id=\"417b901\" data-element_type=\"widget\" data-widget_type=\"heading.default\">\n\t\t\t\t<div class=\"elementor-widget-container\">\n\t\t\t<h2 class=\"elementor-heading-title elementor-size-default\">Terminaux<\/h2>\t\t<\/div>\n\t\t\t\t<\/div>\n\t\t\t\t<div class=\"elementor-element elementor-element-d8cba3e elementor-widget__width-initial elementor-widget elementor-widget-text-editor\" data-id=\"d8cba3e\" data-element_type=\"widget\" data-widget_type=\"text-editor.default\">\n\t\t\t\t<div class=\"elementor-widget-container\">\n\t\t\t\t\t\t\t<p>L&#8217;a\u00e9roport de Malpensa comprend <strong>deux terminaux<\/strong> situ\u00e9s \u00e0 une distance consid\u00e9rable l&#8217;un de l&#8217;autre. Il est conseill\u00e9 de confirmer votre terminal de d\u00e9part \u00e0 l&#8217;avance, car <strong>les options de transport en bus ou en train peuvent diff\u00e9rer d&#8217;un terminal \u00e0 l&#8217;autre<\/strong>. En cas d&#8217;erreur d&#8217;aiguillage, il n&#8217;y a pas lieu de s&#8217;inqui\u00e9ter, car <strong>les deux terminaux sont reli\u00e9s de mani\u00e8re transparente par un service<\/strong> de navette gratuit fonctionnant toutes les 7 minutes.<\/p>\n<p>En r\u00e8gle g\u00e9n\u00e9rale, les compagnies a\u00e9riennes traditionnelles op\u00e8rent \u00e0 partir du terminal 1, tandis que le terminal 2 est destin\u00e9 aux compagnies a\u00e9riennes \u00e0 bas prix, notamment EasyJet.<\/p>\n\t\t\t\t\t\t<\/div>\n\t\t\t\t<\/div>\n\t\t\t\t<\/div>\n\t\t<div class=\"elementor-element elementor-element-c65022b border-title e-con-full e-flex e-con e-child\" data-id=\"c65022b\" data-element_type=\"container\" data-settings=\"{&quot;content_width&quot;:&quot;full&quot;}\">\n\t\t\t\t<div class=\"elementor-element elementor-element-fc5853c elementor-widget elementor-widget-image\" data-id=\"fc5853c\" data-element_type=\"widget\" data-widget_type=\"image.default\">\n\t\t\t\t<div class=\"elementor-widget-container\">\n\t\t\t<style>\/*! elementor - v3.18.0 - 20-12-2023 *\/\n.elementor-widget-image{text-align:center}.elementor-widget-image a{display:inline-block}.elementor-widget-image a img[src$=\".svg\"]{width:48px}.elementor-widget-image img{vertical-align:middle;display:inline-block}<\/style>\t\t\t\t\t\t\t\t\t\t\t\t<img fetchpriority=\"high\" decoding=\"async\" width=\"800\" height=\"533\" src=\"https:\/\/www.milanpublictransportation.com\/wp-content\/uploads\/2023\/11\/milan_public_transportation_12.jpg\" class=\"attachment-large size-large wp-image-5561\" alt=\"\" srcset=\"https:\/\/www.milanpublictransportation.com\/wp-content\/uploads\/2023\/11\/milan_public_transportation_12.jpg 900w, https:\/\/www.milanpublictransportation.com\/wp-content\/uploads\/2023\/11\/milan_public_transportation_12-300x200.jpg 300w, https:\/\/www.milanpublictransportation.com\/wp-content\/uploads\/2023\/11\/milan_public_transportation_12-768x512.jpg 768w, https:\/\/www.milanpublictransportation.com\/wp-content\/uploads\/2023\/11\/milan_public_transportation_12-600x400.jpg 600w\" sizes=\"(max-width: 800px) 100vw, 800px\" \/>\t\t\t\t\t\t\t\t\t\t\t\t\t\t\t<\/div>\n\t\t\t\t<\/div>\n\t\t\t\t<\/div>\n\t\t\t\t\t<\/div>\n\t\t\t\t<\/div>\n\t\t<div class=\"elementor-element elementor-element-6245c68 e-flex e-con-boxed e-con e-parent\" data-id=\"6245c68\" data-element_type=\"container\" data-settings=\"{&quot;content_width&quot;:&quot;boxed&quot;}\" data-core-v316-plus=\"true\">\n\t\t\t\t\t<div class=\"e-con-inner\">\n\t\t<div class=\"elementor-element elementor-element-2d40ab1 e-flex e-con-boxed e-con e-child\" data-id=\"2d40ab1\" data-element_type=\"container\" data-settings=\"{&quot;content_width&quot;:&quot;boxed&quot;}\">\n\t\t\t\t\t<div class=\"e-con-inner\">\n\t\t\t\t<div class=\"elementor-element elementor-element-7379ac7 elementor-widget__width-inherit elementor-widget elementor-widget-heading\" data-id=\"7379ac7\" data-element_type=\"widget\" data-widget_type=\"heading.default\">\n\t\t\t\t<div class=\"elementor-widget-container\">\n\t\t\t<h2 class=\"elementor-heading-title elementor-size-default\">Aller de l'a\u00e9roport de Malpensa \u00e0 Milan<\/h2>\t\t<\/div>\n\t\t\t\t<\/div>\n\t\t\t\t<div class=\"elementor-element elementor-element-e4aded7 elementor-widget__width-inherit elementor-widget elementor-widget-heading\" data-id=\"e4aded7\" data-element_type=\"widget\" data-widget_type=\"heading.default\">\n\t\t\t\t<div class=\"elementor-widget-container\">\n\t\t\t<h3 class=\"elementor-heading-title elementor-size-default\">Train<\/h3>\t\t<\/div>\n\t\t\t\t<\/div>\n\t\t\t\t<div class=\"elementor-element elementor-element-4c1223b elementor-widget__width-inherit elementor-widget elementor-widget-text-editor\" data-id=\"4c1223b\" data-element_type=\"widget\" data-widget_type=\"text-editor.default\">\n\t\t\t\t<div class=\"elementor-widget-container\">\n\t\t\t\t\t\t\t<p><strong>Deux services ferroviaires<\/strong>, Malpensa Express et Trenitalia, <strong>relient le terminal 1<\/strong> au centre-ville de Milan. Le <strong>Malpensa Express<\/strong>, qui circule toutes les 20 \u00e0 40 minutes, met environ 50 minutes pour rejoindre Milano Centrale, Cadorna ou Milan Porta Garibaldi. Un billet simple pour Milano Centrale ou Cadorna co\u00fbte \u20ac13 (US$14.20), et les trains circulent toutes les 15 minutes environ.<\/p>\n\t\t\t\t\t\t<\/div>\n\t\t\t\t<\/div>\n\t\t\t\t\t<\/div>\n\t\t\t\t<\/div>\n\t\t<div class=\"elementor-element elementor-element-20d6d11 e-flex e-con-boxed e-con e-child\" data-id=\"20d6d11\" data-element_type=\"container\" data-settings=\"{&quot;content_width&quot;:&quot;boxed&quot;}\">\n\t\t\t\t\t<div class=\"e-con-inner\">\n\t\t\t\t<div class=\"elementor-element elementor-element-c189cf5 elementor-widget__width-inherit elementor-widget elementor-widget-heading\" data-id=\"c189cf5\" data-element_type=\"widget\" data-widget_type=\"heading.default\">\n\t\t\t\t<div class=\"elementor-widget-container\">\n\t\t\t<h3 class=\"elementor-heading-title elementor-size-default\">Bus<\/h3>\t\t<\/div>\n\t\t\t\t<\/div>\n\t\t\t\t<div class=\"elementor-element elementor-element-c91de25 elementor-widget__width-inherit elementor-widget elementor-widget-text-editor\" data-id=\"c91de25\" data-element_type=\"widget\" data-widget_type=\"text-editor.default\">\n\t\t\t\t<div class=\"elementor-widget-container\">\n\t\t\t\t\t\t\t<p>Autostradale, la compagnie de bus, propose <strong>un service r\u00e9gulier reliant la gare centrale de Milan aux deux terminaux de l&#8217;a\u00e9roport de Malpensa<\/strong>. Les bus partent de Milan vers l&#8217;a\u00e9roport entre 4 heures et 23 heures, tandis qu&#8217;\u00e0 Malpensa, le premier bus part \u00e0 6 heures et continue jusqu&#8217;\u00e0 minuit et demi. <strong>Les d\u00e9parts ont lieu toutes les 20 minutes<\/strong> et le trajet dure pr\u00e8s d&#8217;une heure pour atteindre le centre-ville. Le tarif du bus est de 8 \u20ac (8,70 USD) pour un aller simple ou de 14 \u20ac (15,30 USD) pour un aller-retour. Les enfants \u00e2g\u00e9s de 3 \u00e0 11 ans paient 5 \u20ac (5,50 USD) par trajet.<\/p>\n\t\t\t\t\t\t<\/div>\n\t\t\t\t<\/div>\n\t\t\t\t\t<\/div>\n\t\t\t\t<\/div>\n\t\t<div class=\"elementor-element elementor-element-54660eb e-flex e-con-boxed e-con e-child\" data-id=\"54660eb\" data-element_type=\"container\" data-settings=\"{&quot;content_width&quot;:&quot;boxed&quot;}\">\n\t\t\t\t\t<div class=\"e-con-inner\">\n\t\t\t\t<div class=\"elementor-element elementor-element-c45798b elementor-widget__width-inherit elementor-widget elementor-widget-heading\" data-id=\"c45798b\" data-element_type=\"widget\" data-widget_type=\"heading.default\">\n\t\t\t\t<div class=\"elementor-widget-container\">\n\t\t\t<h3 class=\"elementor-heading-title elementor-size-default\">Service de transfert<\/h3>\t\t<\/div>\n\t\t\t\t<\/div>\n\t\t\t\t<div class=\"elementor-element elementor-element-dec2389 elementor-widget__width-inherit elementor-widget elementor-widget-text-editor\" data-id=\"dec2389\" data-element_type=\"widget\" data-widget_type=\"text-editor.default\">\n\t\t\t\t<div class=\"elementor-widget-container\">\n\t\t\t\t\t\t\t<p>Pour une option transparente et confortable, envisagez de r\u00e9server un service de <strong>transfert a\u00e9roportuaire priv\u00e9<\/strong>. Un chauffeur vous attend \u00e0 votre terminal avec un panneau personnalis\u00e9 et assure un transfert direct \u00e0 votre h\u00f4tel. Pour garantir un voyage sans encombre et \u00e9viter tout malentendu, il est possible de <strong>r\u00e9server en ligne<\/strong> un transfert a\u00e9roportuaire priv\u00e9 au prix de 131 euros (142,90 dollars am\u00e9ricains).<\/p>\n\t\t\t\t\t\t<\/div>\n\t\t\t\t<\/div>\n\t\t\t\t\t<\/div>\n\t\t\t\t<\/div>\n\t\t<div class=\"elementor-element elementor-element-8a12804 e-flex e-con-boxed e-con e-child\" data-id=\"8a12804\" data-element_type=\"container\" data-settings=\"{&quot;content_width&quot;:&quot;boxed&quot;}\">\n\t\t\t\t\t<div class=\"e-con-inner\">\n\t\t\t\t<div class=\"elementor-element elementor-element-adda4de elementor-widget__width-inherit elementor-widget elementor-widget-heading\" data-id=\"adda4de\" data-element_type=\"widget\" data-widget_type=\"heading.default\">\n\t\t\t\t<div class=\"elementor-widget-container\">\n\t\t\t<h3 class=\"elementor-heading-title elementor-size-default\">Taxi<\/h3>\t\t<\/div>\n\t\t\t\t<\/div>\n\t\t\t\t<div class=\"elementor-element elementor-element-c29763c elementor-widget__width-inherit elementor-widget elementor-widget-text-editor\" data-id=\"c29763c\" data-element_type=\"widget\" data-widget_type=\"text-editor.default\">\n\t\t\t\t<div class=\"elementor-widget-container\">\n\t\t\t\t\t\t\t<p>Si prendre un taxi de Malpensa au centre-ville de Milan est pratique, le co\u00fbt est plus \u00e9lev\u00e9 en raison de la distance. Le <strong>prix fixe<\/strong> du trajet est de 100 \u20ac (109,10 USD), avec une dur\u00e9e de voyage d&#8217;environ 50 minutes. Aucun frais suppl\u00e9mentaire ne devrait s&#8217;appliquer pendant le trajet.<\/p>\n\t\t\t\t\t\t<\/div>\n\t\t\t\t<\/div>\n\t\t\t\t\t<\/div>\n\t\t\t\t<\/div>\n\t\t\t\t\t<\/div>\n\t\t\t\t<\/div>\n\t\t<div class=\"elementor-element elementor-element-0f82c3b e-flex e-con-boxed e-con e-parent\" data-id=\"0f82c3b\" data-element_type=\"container\" data-settings=\"{&quot;content_width&quot;:&quot;boxed&quot;}\" data-core-v316-plus=\"true\">\n\t\t\t\t\t<div class=\"e-con-inner\">\n\t\t\t\t<div class=\"elementor-element elementor-element-e65bf8c elementor-widget__width-inherit elementor-widget elementor-widget-heading\" data-id=\"e65bf8c\" data-element_type=\"widget\" data-widget_type=\"heading.default\">\n\t\t\t\t<div class=\"elementor-widget-container\">\n\t\t\t<h2 class=\"elementor-heading-title elementor-size-default\">D\u00e9couvrez les autres a\u00e9roports de Milan<\/h2>\t\t<\/div>\n\t\t\t\t<\/div>\n\t\t<div class=\"elementor-element elementor-element-4bd3504 e-con-full e-flex e-con e-child\" data-id=\"4bd3504\" data-element_type=\"container\" data-settings=\"{&quot;content_width&quot;:&quot;full&quot;}\">\n\t\t\t\t<div class=\"elementor-element elementor-element-a224300 elementor-cta--skin-cover elementor-widget__width-initial elementor-widget elementor-widget-call-to-action\" data-id=\"a224300\" data-element_type=\"widget\" data-widget_type=\"call-to-action.default\">\n\t\t\t\t<div class=\"elementor-widget-container\">\n\t\t\t<link rel=\"stylesheet\" href=\"https:\/\/www.milanpublictransportation.com\/wp-content\/plugins\/elementor-pro\/assets\/css\/widget-call-to-action.min.css\">\t\t<a class=\"elementor-cta\" href=\"https:\/\/www.milanpublictransportation.com\/airport-transfers\/milan-linate-airport\/\">\n\t\t\t\t\t<div class=\"elementor-cta__bg-wrapper\">\n\t\t\t\t<div class=\"elementor-cta__bg elementor-bg\" style=\"background-image: url();\" role=\"img\" aria-label=\"\"><\/div>\n\t\t\t\t<div class=\"elementor-cta__bg-overlay\"><\/div>\n\t\t\t<\/div>\n\t\t\t\t\t\t\t<div class=\"elementor-cta__content\">\n\t\t\t\t\n\t\t\t\t\t\t\t\t\t<h3 class=\"elementor-cta__title elementor-cta__content-item elementor-content-item\">\n\t\t\t\t\t\tA\u00e9roport de Milan Linate (LIN)\t\t\t\t\t<\/h3>\n\t\t\t\t\n\t\t\t\t\t\t\t\t\t<div class=\"elementor-cta__description elementor-cta__content-item elementor-content-item\">\n\t\t\t\t\t\t<p>L'a\u00e9roport de Milan Linate (LIN) fait partie du trio d'a\u00e9roports reliant Milan au reste du monde, apr\u00e8s l'a\u00e9roport de Malpensa. Notamment nomm\u00e9 Airport Enrico Forlanini, il a la particularit\u00e9 d'\u00eatre <b>l'a\u00e9roport le plus proche de Milan<\/b>, situ\u00e9 \u00e0 seulement 8 km au sud-est du centre-ville.<\/p>\n\t\t\t\t\t<\/div>\n\t\t\t\t\n\t\t\t\t\t\t\t<\/div>\n\t\t\t\t\t\t<\/a>\n\t\t\t\t<\/div>\n\t\t\t\t<\/div>\n\t\t\t\t<div class=\"elementor-element elementor-element-f98cbb6 elementor-cta--skin-cover elementor-widget__width-initial elementor-widget elementor-widget-call-to-action\" data-id=\"f98cbb6\" data-element_type=\"widget\" data-widget_type=\"call-to-action.default\">\n\t\t\t\t<div class=\"elementor-widget-container\">\n\t\t\t\t\t<a class=\"elementor-cta\" href=\"https:\/\/www.milanpublictransportation.com\/airport-transfers\/bergamo-airport\/\">\n\t\t\t\t\t<div class=\"elementor-cta__bg-wrapper\">\n\t\t\t\t<div class=\"elementor-cta__bg elementor-bg\" style=\"background-image: url();\" role=\"img\" aria-label=\"\"><\/div>\n\t\t\t\t<div class=\"elementor-cta__bg-overlay\"><\/div>\n\t\t\t<\/div>\n\t\t\t\t\t\t\t<div class=\"elementor-cta__content\">\n\t\t\t\t\n\t\t\t\t\t\t\t\t\t<h3 class=\"elementor-cta__title elementor-cta__content-item elementor-content-item\">\n\t\t\t\t\t\tA\u00e9roport de Bergame (BGY)\t\t\t\t\t<\/h3>\n\t\t\t\t\n\t\t\t\t\t\t\t\t\t<div class=\"elementor-cta__description elementor-cta__content-item elementor-content-item\">\n\t\t\t\t\t\t<p>L'a\u00e9roport de Bergame (BGY), <b>officiellement connu sous le nom d'a\u00e9roport Orio Al Serio<\/b>, est la principale plaque tournante des compagnies a\u00e9riennes \u00e0 bas prix desservant la r\u00e9gion de Milan. Situ\u00e9 \u00e0 45 km du centre-ville, l'a\u00e9roport de Bergame rivalise avec le principal a\u00e9roport international de Milan, l'a\u00e9roport de Malpensa.<\/p>\n\t\t\t\t\t<\/div>\n\t\t\t\t\n\t\t\t\t\t\t\t<\/div>\n\t\t\t\t\t\t<\/a>\n\t\t\t\t<\/div>\n\t\t\t\t<\/div>\n\t\t\t\t<\/div>\n\t\t\t\t\t<\/div>\n\t\t\t\t<\/div>\n\t\t\t\t\t\t\t<\/div>\n\t\t","protected":false},"excerpt":{"rendered":"<p>A\u00e9roport de Milan Malpensa L&#8217;a\u00e9roport de Milan Malpensa (MXP) est le plus grand a\u00e9roport international de Milan, accueillant le plus grand nombre de passagers. Chaque ann\u00e9e, plus de 28 millions de voyageurs se rendent \u00e0 Malpensa ou en partent, ce qui lui vaut d&#8217;\u00eatre le deuxi\u00e8me a\u00e9roport le plus important d&#8217;Italie, juste derri\u00e8re l&#8217;a\u00e9roport Fiumicino [&hellip;]<\/p>\n","protected":false},"author":1,"featured_media":0,"parent":5994,"menu_order":0,"comment_status":"closed","ping_status":"closed","template":"elementor_header_footer","meta":{"footnotes":""},"class_list":["post-6004","page","type-page","status-publish","hentry"],"acf":[],"_links":{"self":[{"href":"https:\/\/www.milanpublictransportation.com\/fr\/wp-json\/wp\/v2\/pages\/6004","targetHints":{"allow":["GET"]}}],"collection":[{"href":"https:\/\/www.milanpublictransportation.com\/fr\/wp-json\/wp\/v2\/pages"}],"about":[{"href":"https:\/\/www.milanpublictransportation.com\/fr\/wp-json\/wp\/v2\/types\/page"}],"author":[{"embeddable":true,"href":"https:\/\/www.milanpublictransportation.com\/fr\/wp-json\/wp\/v2\/users\/1"}],"replies":[{"embeddable":true,"href":"https:\/\/www.milanpublictransportation.com\/fr\/wp-json\/wp\/v2\/comments?post=6004"}],"version-history":[{"count":1,"href":"https:\/\/www.milanpublictransportation.com\/fr\/wp-json\/wp\/v2\/pages\/6004\/revisions"}],"predecessor-version":[{"id":6005,"href":"https:\/\/www.milanpublictransportation.com\/fr\/wp-json\/wp\/v2\/pages\/6004\/revisions\/6005"}],"up":[{"embeddable":true,"href":"https:\/\/www.milanpublictransportation.com\/fr\/wp-json\/wp\/v2\/pages\/5994"}],"wp:attachment":[{"href":"https:\/\/www.milanpublictransportation.com\/fr\/wp-json\/wp\/v2\/media?parent=6004"}],"curies":[{"name":"wp","href":"https:\/\/api.w.org\/{rel}","templated":true}]}}