{"id":6041,"date":"2023-11-22T15:58:13","date_gmt":"2023-11-22T14:58:13","guid":{"rendered":"https:\/\/www.milanpublictransportation.com\/comment-se-rendre-a-milan\/"},"modified":"2023-11-30T11:20:19","modified_gmt":"2023-11-30T10:20:19","slug":"comment-se-rendre-a-milan","status":"publish","type":"page","link":"https:\/\/www.milanpublictransportation.com\/fr\/comment-se-rendre-a-milan\/","title":{"rendered":"Comment se rendre \u00e0 Milan"},"content":{"rendered":"\t\t<div data-elementor-type=\"wp-page\" data-elementor-id=\"6041\" class=\"elementor elementor-6041 elementor-3864\" data-elementor-post-type=\"page\">\n\t\t\t\t\t\t\t<div class=\"elementor-element elementor-element-4ce794b e-flex e-con-boxed e-con e-parent\" data-id=\"4ce794b\" data-element_type=\"container\" data-settings=\"{&quot;background_background&quot;:&quot;classic&quot;,&quot;content_width&quot;:&quot;boxed&quot;}\" data-core-v316-plus=\"true\">\n\t\t\t\t\t<div class=\"e-con-inner\">\n\t\t<div class=\"elementor-element elementor-element-a6da9cd e-con-full e-flex e-con e-child\" data-id=\"a6da9cd\" data-element_type=\"container\" data-settings=\"{&quot;background_background&quot;:&quot;classic&quot;,&quot;content_width&quot;:&quot;full&quot;}\">\n\t\t\t\t<div class=\"elementor-element elementor-element-5e18b63 bc-white elementor-widget elementor-widget-shortcode\" data-id=\"5e18b63\" data-element_type=\"widget\" data-widget_type=\"shortcode.default\">\n\t\t\t\t<div class=\"elementor-widget-container\">\n\t\t\t\t\t<div class=\"elementor-shortcode\"><nav aria-label=\"breadcrumbs\" class=\"rank-math-breadcrumb\"><p><span class=\"last\">Milan Public Transportation<\/span><\/p><\/nav><\/div>\n\t\t\t\t<\/div>\n\t\t\t\t<\/div>\n\t\t\t\t<div class=\"elementor-element elementor-element-87bc4e0 elementor-widget elementor-widget-heading\" data-id=\"87bc4e0\" data-element_type=\"widget\" data-widget_type=\"heading.default\">\n\t\t\t\t<div class=\"elementor-widget-container\">\n\t\t\t<style>\/*! elementor - v3.18.0 - 20-12-2023 *\/\n.elementor-heading-title{padding:0;margin:0;line-height:1}.elementor-widget-heading .elementor-heading-title[class*=elementor-size-]>a{color:inherit;font-size:inherit;line-height:inherit}.elementor-widget-heading .elementor-heading-title.elementor-size-small{font-size:15px}.elementor-widget-heading .elementor-heading-title.elementor-size-medium{font-size:19px}.elementor-widget-heading .elementor-heading-title.elementor-size-large{font-size:29px}.elementor-widget-heading .elementor-heading-title.elementor-size-xl{font-size:39px}.elementor-widget-heading .elementor-heading-title.elementor-size-xxl{font-size:59px}<\/style><h1 class=\"elementor-heading-title elementor-size-default\">Comment se rendre \u00e0 Milan<\/h1>\t\t<\/div>\n\t\t\t\t<\/div>\n\t\t\t\t<div class=\"elementor-element elementor-element-61c1378 elementor-widget elementor-widget-text-editor\" data-id=\"61c1378\" data-element_type=\"widget\" data-widget_type=\"text-editor.default\">\n\t\t\t\t<div class=\"elementor-widget-container\">\n\t\t\t<style>\/*! elementor - v3.18.0 - 20-12-2023 *\/\n.elementor-widget-text-editor.elementor-drop-cap-view-stacked .elementor-drop-cap{background-color:#69727d;color:#fff}.elementor-widget-text-editor.elementor-drop-cap-view-framed .elementor-drop-cap{color:#69727d;border:3px solid;background-color:transparent}.elementor-widget-text-editor:not(.elementor-drop-cap-view-default) .elementor-drop-cap{margin-top:8px}.elementor-widget-text-editor:not(.elementor-drop-cap-view-default) .elementor-drop-cap-letter{width:1em;height:1em}.elementor-widget-text-editor .elementor-drop-cap{float:left;text-align:center;line-height:1;font-size:50px}.elementor-widget-text-editor .elementor-drop-cap-letter{display:inline-block}<\/style>\t\t\t\t<p>D\u00e9couvrir Milan implique de naviguer \u00e0 travers diff\u00e9rentes routes, en tenant compte des prix, des distances et des modes de transport. Explorez les divers moyens de rejoindre Milan depuis les \u00c9tats-Unis, le Canada, l&#8217;Australie et l&#8217;Europe.<\/p>\n\t\t\t\t\t\t<\/div>\n\t\t\t\t<\/div>\n\t\t\t\t<\/div>\n\t\t\t\t\t<\/div>\n\t\t\t\t<\/div>\n\t\t<div class=\"elementor-element elementor-element-31da629 e-flex e-con-boxed e-con e-parent\" data-id=\"31da629\" data-element_type=\"container\" id=\"byplane\" data-settings=\"{&quot;background_background&quot;:&quot;classic&quot;,&quot;content_width&quot;:&quot;boxed&quot;}\" data-core-v316-plus=\"true\">\n\t\t\t\t\t<div class=\"e-con-inner\">\n\t\t<div class=\"elementor-element elementor-element-641bcf9 border-title e-con-full e-flex e-con e-child\" data-id=\"641bcf9\" data-element_type=\"container\" data-settings=\"{&quot;content_width&quot;:&quot;full&quot;}\">\n\t\t\t\t<div class=\"elementor-element elementor-element-aad0590 elementor-widget elementor-widget-heading\" data-id=\"aad0590\" data-element_type=\"widget\" data-widget_type=\"heading.default\">\n\t\t\t\t<div class=\"elementor-widget-container\">\n\t\t\t<h2 class=\"elementor-heading-title elementor-size-default\">En avion<\/h2>\t\t<\/div>\n\t\t\t\t<\/div>\n\t\t\t\t<div class=\"elementor-element elementor-element-123031e elementor-widget__width-initial elementor-widget elementor-widget-text-editor\" data-id=\"123031e\" data-element_type=\"widget\" data-widget_type=\"text-editor.default\">\n\t\t\t\t<div class=\"elementor-widget-container\">\n\t\t\t\t\t\t\t<p>Avec l&#8217;av\u00e8nement des compagnies a\u00e9riennes low-cost europ\u00e9ennes, Milan et la Lombardie se sont impos\u00e9es comme des destinations touristiques pris\u00e9es en Italie. \u00c0 proximit\u00e9 des charmants lacs italiens et d&#8217;autres villes et villages remarquables, la capitale de la Lombardie accueille d\u00e9sormais ou dit au revoir \u00e0 <strong>plus de 50 millions de passagers dans ses <a href=\"https:\/\/www.milanpublictransportation.com\/fr\/transferts-depuis-laeroport\/\" target=\"_blank\" rel=\"noopener\">a\u00e9roports<\/a>.<\/strong><\/p>\n\t\t\t\t\t\t<\/div>\n\t\t\t\t<\/div>\n\t\t\t\t<\/div>\n\t\t<div class=\"elementor-element elementor-element-3beeb29 border-title e-con-full e-flex e-con e-child\" data-id=\"3beeb29\" data-element_type=\"container\" data-settings=\"{&quot;content_width&quot;:&quot;full&quot;}\">\n\t\t\t\t<div class=\"elementor-element elementor-element-7191be5 elementor-widget elementor-widget-image\" data-id=\"7191be5\" data-element_type=\"widget\" data-widget_type=\"image.default\">\n\t\t\t\t<div class=\"elementor-widget-container\">\n\t\t\t<style>\/*! elementor - v3.18.0 - 20-12-2023 *\/\n.elementor-widget-image{text-align:center}.elementor-widget-image a{display:inline-block}.elementor-widget-image a img[src$=\".svg\"]{width:48px}.elementor-widget-image img{vertical-align:middle;display:inline-block}<\/style>\t\t\t\t\t\t\t\t\t\t\t\t<img fetchpriority=\"high\" decoding=\"async\" width=\"800\" height=\"533\" src=\"https:\/\/www.milanpublictransportation.com\/wp-content\/uploads\/2023\/11\/milan_public_transportation_12.jpg\" class=\"attachment-large size-large wp-image-5561\" alt=\"\" srcset=\"https:\/\/www.milanpublictransportation.com\/wp-content\/uploads\/2023\/11\/milan_public_transportation_12.jpg 900w, https:\/\/www.milanpublictransportation.com\/wp-content\/uploads\/2023\/11\/milan_public_transportation_12-300x200.jpg 300w, https:\/\/www.milanpublictransportation.com\/wp-content\/uploads\/2023\/11\/milan_public_transportation_12-768x512.jpg 768w, https:\/\/www.milanpublictransportation.com\/wp-content\/uploads\/2023\/11\/milan_public_transportation_12-600x400.jpg 600w\" sizes=\"(max-width: 800px) 100vw, 800px\" \/>\t\t\t\t\t\t\t\t\t\t\t\t\t\t\t<\/div>\n\t\t\t\t<\/div>\n\t\t\t\t<\/div>\n\t\t\t\t\t<\/div>\n\t\t\t\t<\/div>\n\t\t<div class=\"elementor-element elementor-element-af7e438 e-flex e-con-boxed e-con e-parent\" data-id=\"af7e438\" data-element_type=\"container\" id=\"bytrain\" data-settings=\"{&quot;background_background&quot;:&quot;classic&quot;,&quot;content_width&quot;:&quot;boxed&quot;}\" data-core-v316-plus=\"true\">\n\t\t\t\t\t<div class=\"e-con-inner\">\n\t\t<div class=\"elementor-element elementor-element-6a80767 border-title e-con-full e-flex e-con e-child\" data-id=\"6a80767\" data-element_type=\"container\" data-settings=\"{&quot;content_width&quot;:&quot;full&quot;}\">\n\t\t\t\t<div class=\"elementor-element elementor-element-1d7110a elementor-widget elementor-widget-image\" data-id=\"1d7110a\" data-element_type=\"widget\" data-widget_type=\"image.default\">\n\t\t\t\t<div class=\"elementor-widget-container\">\n\t\t\t\t\t\t\t\t\t\t\t\t\t\t\t<img decoding=\"async\" width=\"800\" height=\"533\" src=\"https:\/\/www.milanpublictransportation.com\/wp-content\/uploads\/2023\/11\/milan_public_transportation_28.jpg\" class=\"attachment-large size-large wp-image-5521\" alt=\"\" srcset=\"https:\/\/www.milanpublictransportation.com\/wp-content\/uploads\/2023\/11\/milan_public_transportation_28.jpg 900w, https:\/\/www.milanpublictransportation.com\/wp-content\/uploads\/2023\/11\/milan_public_transportation_28-300x200.jpg 300w, https:\/\/www.milanpublictransportation.com\/wp-content\/uploads\/2023\/11\/milan_public_transportation_28-768x512.jpg 768w, https:\/\/www.milanpublictransportation.com\/wp-content\/uploads\/2023\/11\/milan_public_transportation_28-600x400.jpg 600w\" sizes=\"(max-width: 800px) 100vw, 800px\" \/>\t\t\t\t\t\t\t\t\t\t\t\t\t\t\t<\/div>\n\t\t\t\t<\/div>\n\t\t\t\t<\/div>\n\t\t<div class=\"elementor-element elementor-element-550b3a4 border-title e-con-full e-flex e-con e-child\" data-id=\"550b3a4\" data-element_type=\"container\" data-settings=\"{&quot;content_width&quot;:&quot;full&quot;}\">\n\t\t\t\t<div class=\"elementor-element elementor-element-79ce7f0 elementor-widget elementor-widget-heading\" data-id=\"79ce7f0\" data-element_type=\"widget\" data-widget_type=\"heading.default\">\n\t\t\t\t<div class=\"elementor-widget-container\">\n\t\t\t<h2 class=\"elementor-heading-title elementor-size-default\">En train<\/h2>\t\t<\/div>\n\t\t\t\t<\/div>\n\t\t\t\t<div class=\"elementor-element elementor-element-72eddcb elementor-widget__width-initial elementor-widget elementor-widget-text-editor\" data-id=\"72eddcb\" data-element_type=\"widget\" data-widget_type=\"text-editor.default\">\n\t\t\t\t<div class=\"elementor-widget-container\">\n\t\t\t\t\t\t\t<p>Explorer l&#8217;Italie pendant votre s\u00e9jour \u00e0 Milan est rendu facile gr\u00e2ce \u00e0 un vaste r\u00e9seau ferroviaire. Les trains offrent le meilleur moyen de transport pour traverser le pays, offrant une exp\u00e9rience de voyage confortable et efficace.<\/p>\n<p>Si votre trajet vous m\u00e8ne de Venise \u00e0 Milan, le voyage en train ne prend que 2 heures, tandis que le trajet depuis Rome prend environ 3 heures.<\/p>\n<p>Pour ceux qui ont un horaire plus flexible, il existe des <strong>options de train \u00e9conomiques<\/strong> qui, bien que prenant un peu plus de temps, offrent une alternative \u00e9conomique.<\/p>\n<p>Si vous souhaitez consulter les itin\u00e9raires et les tarifs, visitez le site web des <a href=\"https:\/\/www.fsitaliane.it\/\" target=\"_blank\" rel=\"noopener nofollow\">Ferrovie dello Stato<\/a>.<\/p>\n\t\t\t\t\t\t<\/div>\n\t\t\t\t<\/div>\n\t\t\t\t<\/div>\n\t\t\t\t\t<\/div>\n\t\t\t\t<\/div>\n\t\t<div class=\"elementor-element elementor-element-cee261a e-flex e-con-boxed e-con e-parent\" data-id=\"cee261a\" data-element_type=\"container\" id=\"bybus\" data-settings=\"{&quot;background_background&quot;:&quot;classic&quot;,&quot;content_width&quot;:&quot;boxed&quot;}\" data-core-v316-plus=\"true\">\n\t\t\t\t\t<div class=\"e-con-inner\">\n\t\t<div class=\"elementor-element elementor-element-3ea2bb3 border-title e-con-full e-flex e-con e-child\" data-id=\"3ea2bb3\" data-element_type=\"container\" data-settings=\"{&quot;content_width&quot;:&quot;full&quot;}\">\n\t\t\t\t<div class=\"elementor-element elementor-element-5cdee06 elementor-widget elementor-widget-heading\" data-id=\"5cdee06\" data-element_type=\"widget\" data-widget_type=\"heading.default\">\n\t\t\t\t<div class=\"elementor-widget-container\">\n\t\t\t<h2 class=\"elementor-heading-title elementor-size-default\">En bus<\/h2>\t\t<\/div>\n\t\t\t\t<\/div>\n\t\t\t\t<div class=\"elementor-element elementor-element-780d06e elementor-widget__width-initial elementor-widget elementor-widget-text-editor\" data-id=\"780d06e\" data-element_type=\"widget\" data-widget_type=\"text-editor.default\">\n\t\t\t\t<div class=\"elementor-widget-container\">\n\t\t\t\t\t\t\t<p>Pour ceux qui sont soucieux de leur budget, opter pour le voyage en bus pr\u00e9sente une alternative \u00e9conomique pour explorer le pays, offrant un moyen de transport \u00e9conomique par rapport aux voyages en train.<\/p>\n\t\t\t\t\t\t<\/div>\n\t\t\t\t<\/div>\n\t\t\t\t<\/div>\n\t\t<div class=\"elementor-element elementor-element-ffc72f2 border-title e-con-full e-flex e-con e-child\" data-id=\"ffc72f2\" data-element_type=\"container\" data-settings=\"{&quot;content_width&quot;:&quot;full&quot;}\">\n\t\t\t\t<div class=\"elementor-element elementor-element-ed88a20 elementor-widget elementor-widget-image\" data-id=\"ed88a20\" data-element_type=\"widget\" data-widget_type=\"image.default\">\n\t\t\t\t<div class=\"elementor-widget-container\">\n\t\t\t\t\t\t\t\t\t\t\t\t\t\t\t<img decoding=\"async\" width=\"800\" height=\"533\" src=\"https:\/\/www.milanpublictransportation.com\/wp-content\/uploads\/2023\/11\/milan_public_transportation_25-1.jpg\" class=\"attachment-large size-large wp-image-5515\" alt=\"\" srcset=\"https:\/\/www.milanpublictransportation.com\/wp-content\/uploads\/2023\/11\/milan_public_transportation_25-1.jpg 900w, https:\/\/www.milanpublictransportation.com\/wp-content\/uploads\/2023\/11\/milan_public_transportation_25-1-300x200.jpg 300w, https:\/\/www.milanpublictransportation.com\/wp-content\/uploads\/2023\/11\/milan_public_transportation_25-1-768x512.jpg 768w, https:\/\/www.milanpublictransportation.com\/wp-content\/uploads\/2023\/11\/milan_public_transportation_25-1-600x400.jpg 600w\" sizes=\"(max-width: 800px) 100vw, 800px\" \/>\t\t\t\t\t\t\t\t\t\t\t\t\t\t\t<\/div>\n\t\t\t\t<\/div>\n\t\t\t\t<\/div>\n\t\t\t\t\t<\/div>\n\t\t\t\t<\/div>\n\t\t\t\t\t\t\t<\/div>\n\t\t","protected":false},"excerpt":{"rendered":"<p>Comment se rendre \u00e0 Milan D\u00e9couvrir Milan implique de naviguer \u00e0 travers diff\u00e9rentes routes, en tenant compte des prix, des distances et des modes de transport. Explorez les divers moyens de rejoindre Milan depuis les \u00c9tats-Unis, le Canada, l&#8217;Australie et l&#8217;Europe. En avion Avec l&#8217;av\u00e8nement des compagnies a\u00e9riennes low-cost europ\u00e9ennes, Milan et la Lombardie se [&hellip;]<\/p>\n","protected":false},"author":1,"featured_media":0,"parent":0,"menu_order":0,"comment_status":"closed","ping_status":"closed","template":"elementor_header_footer","meta":{"footnotes":""},"class_list":["post-6041","page","type-page","status-publish","hentry"],"acf":[],"_links":{"self":[{"href":"https:\/\/www.milanpublictransportation.com\/fr\/wp-json\/wp\/v2\/pages\/6041","targetHints":{"allow":["GET"]}}],"collection":[{"href":"https:\/\/www.milanpublictransportation.com\/fr\/wp-json\/wp\/v2\/pages"}],"about":[{"href":"https:\/\/www.milanpublictransportation.com\/fr\/wp-json\/wp\/v2\/types\/page"}],"author":[{"embeddable":true,"href":"https:\/\/www.milanpublictransportation.com\/fr\/wp-json\/wp\/v2\/users\/1"}],"replies":[{"embeddable":true,"href":"https:\/\/www.milanpublictransportation.com\/fr\/wp-json\/wp\/v2\/comments?post=6041"}],"version-history":[{"count":4,"href":"https:\/\/www.milanpublictransportation.com\/fr\/wp-json\/wp\/v2\/pages\/6041\/revisions"}],"predecessor-version":[{"id":6398,"href":"https:\/\/www.milanpublictransportation.com\/fr\/wp-json\/wp\/v2\/pages\/6041\/revisions\/6398"}],"wp:attachment":[{"href":"https:\/\/www.milanpublictransportation.com\/fr\/wp-json\/wp\/v2\/media?parent=6041"}],"curies":[{"name":"wp","href":"https:\/\/api.w.org\/{rel}","templated":true}]}}