{"id":6021,"date":"2023-11-23T17:32:18","date_gmt":"2023-11-23T16:32:18","guid":{"rendered":"https:\/\/www.milanpublictransportation.com\/trasferimenti-dallaeroporto\/aeroporto-di-milano-linate\/"},"modified":"2023-11-29T12:13:34","modified_gmt":"2023-11-29T11:13:34","slug":"aeroporto-di-milano-linate","status":"publish","type":"page","link":"https:\/\/www.milanpublictransportation.com\/it\/trasferimenti-dallaeroporto\/aeroporto-di-milano-linate\/","title":{"rendered":"Aeroporto di Milano Linate"},"content":{"rendered":"\t\t<div data-elementor-type=\"wp-page\" data-elementor-id=\"6021\" class=\"elementor elementor-6021 elementor-4758\" data-elementor-post-type=\"page\">\n\t\t\t\t\t\t\t<div class=\"elementor-element elementor-element-a9f08b6 e-flex e-con-boxed e-con e-parent\" data-id=\"a9f08b6\" data-element_type=\"container\" data-settings=\"{&quot;background_background&quot;:&quot;classic&quot;,&quot;content_width&quot;:&quot;boxed&quot;}\" data-core-v316-plus=\"true\">\n\t\t\t\t\t<div class=\"e-con-inner\">\n\t\t<div class=\"elementor-element elementor-element-02942d9 e-con-full e-flex e-con e-child\" data-id=\"02942d9\" data-element_type=\"container\" data-settings=\"{&quot;content_width&quot;:&quot;full&quot;,&quot;background_background&quot;:&quot;classic&quot;}\">\n\t\t\t\t<div class=\"elementor-element elementor-element-c1fe0ad elementor-widget elementor-widget-shortcode\" data-id=\"c1fe0ad\" data-element_type=\"widget\" data-widget_type=\"shortcode.default\">\n\t\t\t\t<div class=\"elementor-widget-container\">\n\t\t\t\t\t<div class=\"elementor-shortcode\"><nav aria-label=\"breadcrumbs\" class=\"rank-math-breadcrumb\"><p><span class=\"last\">Milan Public Transportation<\/span><\/p><\/nav><\/div>\n\t\t\t\t<\/div>\n\t\t\t\t<\/div>\n\t\t\t\t<div class=\"elementor-element elementor-element-5456812 elementor-widget elementor-widget-heading\" data-id=\"5456812\" data-element_type=\"widget\" data-widget_type=\"heading.default\">\n\t\t\t\t<div class=\"elementor-widget-container\">\n\t\t\t<style>\/*! elementor - v3.18.0 - 20-12-2023 *\/\n.elementor-heading-title{padding:0;margin:0;line-height:1}.elementor-widget-heading .elementor-heading-title[class*=elementor-size-]>a{color:inherit;font-size:inherit;line-height:inherit}.elementor-widget-heading .elementor-heading-title.elementor-size-small{font-size:15px}.elementor-widget-heading .elementor-heading-title.elementor-size-medium{font-size:19px}.elementor-widget-heading .elementor-heading-title.elementor-size-large{font-size:29px}.elementor-widget-heading .elementor-heading-title.elementor-size-xl{font-size:39px}.elementor-widget-heading .elementor-heading-title.elementor-size-xxl{font-size:59px}<\/style><h1 class=\"elementor-heading-title elementor-size-default\">Aeroporto di Milano Linate<\/h1>\t\t<\/div>\n\t\t\t\t<\/div>\n\t\t\t\t<div class=\"elementor-element elementor-element-67cca1e elementor-widget elementor-widget-text-editor\" data-id=\"67cca1e\" data-element_type=\"widget\" data-widget_type=\"text-editor.default\">\n\t\t\t\t<div class=\"elementor-widget-container\">\n\t\t\t<style>\/*! elementor - v3.18.0 - 20-12-2023 *\/\n.elementor-widget-text-editor.elementor-drop-cap-view-stacked .elementor-drop-cap{background-color:#69727d;color:#fff}.elementor-widget-text-editor.elementor-drop-cap-view-framed .elementor-drop-cap{color:#69727d;border:3px solid;background-color:transparent}.elementor-widget-text-editor:not(.elementor-drop-cap-view-default) .elementor-drop-cap{margin-top:8px}.elementor-widget-text-editor:not(.elementor-drop-cap-view-default) .elementor-drop-cap-letter{width:1em;height:1em}.elementor-widget-text-editor .elementor-drop-cap{float:left;text-align:center;line-height:1;font-size:50px}.elementor-widget-text-editor .elementor-drop-cap-letter{display:inline-block}<\/style>\t\t\t\t<p>L&#8217;aeroporto di Milano Linate (LIN) si colloca come <strong>uno dei tre aeroporti che collegano Milano a livello globale<\/strong>, seguendo il pi\u00f9 grande Aeroporto di Malpensa.<\/p>\n\t\t\t\t\t\t<\/div>\n\t\t\t\t<\/div>\n\t\t\t\t<\/div>\n\t\t\t\t\t<\/div>\n\t\t\t\t<\/div>\n\t\t<div class=\"elementor-element elementor-element-23183d6 e-flex e-con-boxed e-con e-parent\" data-id=\"23183d6\" data-element_type=\"container\" data-settings=\"{&quot;background_background&quot;:&quot;classic&quot;,&quot;content_width&quot;:&quot;boxed&quot;}\" data-core-v316-plus=\"true\">\n\t\t\t\t\t<div class=\"e-con-inner\">\n\t\t<div class=\"elementor-element elementor-element-6ae3ab7 border-title e-con-full e-flex e-con e-child\" data-id=\"6ae3ab7\" data-element_type=\"container\" data-settings=\"{&quot;content_width&quot;:&quot;full&quot;}\">\n\t\t\t\t<div class=\"elementor-element elementor-element-417b901 elementor-widget elementor-widget-heading\" data-id=\"417b901\" data-element_type=\"widget\" data-widget_type=\"heading.default\">\n\t\t\t\t<div class=\"elementor-widget-container\">\n\t\t\t<h2 class=\"elementor-heading-title elementor-size-default\">L'aeroporto pi\u00f9 vicino<\/h2>\t\t<\/div>\n\t\t\t\t<\/div>\n\t\t\t\t<div class=\"elementor-element elementor-element-d8cba3e elementor-widget__width-initial elementor-widget elementor-widget-text-editor\" data-id=\"d8cba3e\" data-element_type=\"widget\" data-widget_type=\"text-editor.default\">\n\t\t\t\t<div class=\"elementor-widget-container\">\n\t\t\t\t\t\t\t<p>Nominato in modo significativo <strong>Aeroporto Enrico Forlanini<\/strong> in onore dell&#8217;inventore italiano e pioniere dell&#8217;aviazione, vanta il titolo di essere <strong>l&#8217;aeroporto pi\u00f9 vicino a Milano, situato a soli 5 miglia<\/strong> (<strong>8 km<\/strong>) <strong>a sudest del centro citt\u00e0<\/strong>.<\/p>\n<p>Nonostante la sua vicinanza, l&#8217;Aeroporto di Linate registra il minor numero di passeggeri tra i tre aeroporti internazionali, accogliendo circa 9,5 milioni di passeggeri all&#8217;anno.<\/p>\n<p>L&#8217;Aeroporto di Linate facilita principalmente <strong>voli nazionali<\/strong> e un numero selezionato di <strong>voli da altri paesi dell&#8217;Unione Europea<\/strong>.<\/p>\n\t\t\t\t\t\t<\/div>\n\t\t\t\t<\/div>\n\t\t\t\t<\/div>\n\t\t<div class=\"elementor-element elementor-element-c65022b border-title e-con-full e-flex e-con e-child\" data-id=\"c65022b\" data-element_type=\"container\" data-settings=\"{&quot;content_width&quot;:&quot;full&quot;}\">\n\t\t\t\t<div class=\"elementor-element elementor-element-fc5853c elementor-widget elementor-widget-image\" data-id=\"fc5853c\" data-element_type=\"widget\" data-widget_type=\"image.default\">\n\t\t\t\t<div class=\"elementor-widget-container\">\n\t\t\t<style>\/*! elementor - v3.18.0 - 20-12-2023 *\/\n.elementor-widget-image{text-align:center}.elementor-widget-image a{display:inline-block}.elementor-widget-image a img[src$=\".svg\"]{width:48px}.elementor-widget-image img{vertical-align:middle;display:inline-block}<\/style>\t\t\t\t\t\t\t\t\t\t\t\t<img fetchpriority=\"high\" decoding=\"async\" width=\"800\" height=\"533\" src=\"https:\/\/www.milanpublictransportation.com\/wp-content\/uploads\/2023\/11\/milan_public_transportation_27.jpg\" class=\"attachment-large size-large wp-image-5585\" alt=\"\" srcset=\"https:\/\/www.milanpublictransportation.com\/wp-content\/uploads\/2023\/11\/milan_public_transportation_27.jpg 900w, https:\/\/www.milanpublictransportation.com\/wp-content\/uploads\/2023\/11\/milan_public_transportation_27-300x200.jpg 300w, https:\/\/www.milanpublictransportation.com\/wp-content\/uploads\/2023\/11\/milan_public_transportation_27-768x512.jpg 768w, https:\/\/www.milanpublictransportation.com\/wp-content\/uploads\/2023\/11\/milan_public_transportation_27-600x400.jpg 600w\" sizes=\"(max-width: 800px) 100vw, 800px\" \/>\t\t\t\t\t\t\t\t\t\t\t\t\t\t\t<\/div>\n\t\t\t\t<\/div>\n\t\t\t\t<\/div>\n\t\t\t\t\t<\/div>\n\t\t\t\t<\/div>\n\t\t<div class=\"elementor-element elementor-element-2eabea3 e-flex e-con-boxed e-con e-parent\" data-id=\"2eabea3\" data-element_type=\"container\" data-settings=\"{&quot;content_width&quot;:&quot;boxed&quot;}\" data-core-v316-plus=\"true\">\n\t\t\t\t\t<div class=\"e-con-inner\">\n\t\t<div class=\"elementor-element elementor-element-29256a5 e-flex e-con-boxed e-con e-child\" data-id=\"29256a5\" data-element_type=\"container\" data-settings=\"{&quot;content_width&quot;:&quot;boxed&quot;}\">\n\t\t\t\t\t<div class=\"e-con-inner\">\n\t\t\t\t<div class=\"elementor-element elementor-element-a6c9874 elementor-widget__width-inherit elementor-widget elementor-widget-heading\" data-id=\"a6c9874\" data-element_type=\"widget\" data-widget_type=\"heading.default\">\n\t\t\t\t<div class=\"elementor-widget-container\">\n\t\t\t<h2 class=\"elementor-heading-title elementor-size-default\">Arrivare a Milano dall'Aeroporto di Linate:<\/h2>\t\t<\/div>\n\t\t\t\t<\/div>\n\t\t\t\t<div class=\"elementor-element elementor-element-cc8d268 elementor-widget__width-inherit elementor-widget elementor-widget-heading\" data-id=\"cc8d268\" data-element_type=\"widget\" data-widget_type=\"heading.default\">\n\t\t\t\t<div class=\"elementor-widget-container\">\n\t\t\t<h3 class=\"elementor-heading-title elementor-size-default\">Bus urbano<\/h3>\t\t<\/div>\n\t\t\t\t<\/div>\n\t\t\t\t<div class=\"elementor-element elementor-element-9e034de elementor-widget__width-inherit elementor-widget elementor-widget-text-editor\" data-id=\"9e034de\" data-element_type=\"widget\" data-widget_type=\"text-editor.default\">\n\t\t\t\t<div class=\"elementor-widget-container\">\n\t\t\t\t\t\t\t<p><strong>I bus urbani locali di Milano<\/strong>, <strong>73 e X73<\/strong>, offrono un collegamento economico tra l&#8217;aeroporto e la stazione della metropolitana San Babila. Il Bus 73 opera tutti i giorni, partendo ogni 10 minuti, mentre il Bus X73 funziona ogni 20 minuti dal luned\u00ec al venerd\u00ec.<\/p>\n<p><strong>Il servizio inizia alle 6:05 del mattino, con l&#8217;ultimo bus che parte a mezzanotte.<\/strong><\/p>\n<p>Questi autobus offrono un <strong>viaggio economico<\/strong>, ma si noti che l&#8217;acquisto dei biglietti a bordo comporta un costo aggiuntivo.<\/p>\n\t\t\t\t\t\t<\/div>\n\t\t\t\t<\/div>\n\t\t\t\t\t<\/div>\n\t\t\t\t<\/div>\n\t\t<div class=\"elementor-element elementor-element-ee9e7d7 e-flex e-con-boxed e-con e-child\" data-id=\"ee9e7d7\" data-element_type=\"container\" data-settings=\"{&quot;content_width&quot;:&quot;boxed&quot;}\">\n\t\t\t\t\t<div class=\"e-con-inner\">\n\t\t\t\t<div class=\"elementor-element elementor-element-41ee586 elementor-widget__width-inherit elementor-widget elementor-widget-heading\" data-id=\"41ee586\" data-element_type=\"widget\" data-widget_type=\"heading.default\">\n\t\t\t\t<div class=\"elementor-widget-container\">\n\t\t\t<h3 class=\"elementor-heading-title elementor-size-default\">Altri autobus<\/h3>\t\t<\/div>\n\t\t\t\t<\/div>\n\t\t\t\t<div class=\"elementor-element elementor-element-d84dfae elementor-widget__width-inherit elementor-widget elementor-widget-text-editor\" data-id=\"d84dfae\" data-element_type=\"widget\" data-widget_type=\"text-editor.default\">\n\t\t\t\t<div class=\"elementor-widget-container\">\n\t\t\t\t\t\t\t<p><b>Starfly<\/b>: in funzione dalle 6:10 alle 23:30 nei giorni feriali e dalle 6:30 alle 22:00 nei weekend, Starfly collega l&#8217;Aeroporto di Linate al centro citt\u00e0, con fermate a Lambrate e alle stazioni ferroviarie Milano Centrale. Con una frequenza di ogni 20-30 minuti, il viaggio dura circa 25 minuti, al prezzo di \u20ac5 (US$5.50).<br \/><b>Air Bus<\/b>: il primo Air Bus parte alle 6:30 e continua fino alle 23:30, impiegando 25 minuti per raggiungere Milano Centrale (Piazza Luigi da Savoia) con una fermata a Piazza Dateo. Un biglietto singolo costa \u20ac5 (US$5.50), mentre un biglietto di andata e ritorno \u00e8 di \u20ac9 (US$9.80).<\/p>\n\t\t\t\t\t\t<\/div>\n\t\t\t\t<\/div>\n\t\t\t\t\t<\/div>\n\t\t\t\t<\/div>\n\t\t<div class=\"elementor-element elementor-element-000d133 e-flex e-con-boxed e-con e-child\" data-id=\"000d133\" data-element_type=\"container\" data-settings=\"{&quot;content_width&quot;:&quot;boxed&quot;}\">\n\t\t\t\t\t<div class=\"e-con-inner\">\n\t\t\t\t<div class=\"elementor-element elementor-element-3b416dc elementor-widget__width-inherit elementor-widget elementor-widget-heading\" data-id=\"3b416dc\" data-element_type=\"widget\" data-widget_type=\"heading.default\">\n\t\t\t\t<div class=\"elementor-widget-container\">\n\t\t\t<h3 class=\"elementor-heading-title elementor-size-default\">Servizio di trasferimento<\/h3>\t\t<\/div>\n\t\t\t\t<\/div>\n\t\t\t\t<div class=\"elementor-element elementor-element-4fa80ce elementor-widget__width-inherit elementor-widget elementor-widget-text-editor\" data-id=\"4fa80ce\" data-element_type=\"widget\" data-widget_type=\"text-editor.default\">\n\t\t\t\t<div class=\"elementor-widget-container\">\n\t\t\t\t\t\t\t<p>Per un viaggio senza intoppi e rapido verso il tuo hotel, considera la prenotazione di un <strong>servizio di trasferimento privato dall&#8217;Aeroporto di Linate<\/strong>. Un autista sar\u00e0 pronto al terminal, garantendo un trasferimento diretto alla tua sistemazione.<\/p>\n<p>Per garantire un&#8217;esperienza senza stress ed evitare potenziali incomprensioni, la <strong>prenotazione online<\/strong> per un trasferimento privato dall&#8217;aeroporto \u00e8 disponibile al costo di \u20ac55 (US$60).<\/p>\n\t\t\t\t\t\t<\/div>\n\t\t\t\t<\/div>\n\t\t\t\t\t<\/div>\n\t\t\t\t<\/div>\n\t\t<div class=\"elementor-element elementor-element-72becef e-flex e-con-boxed e-con e-child\" data-id=\"72becef\" data-element_type=\"container\" data-settings=\"{&quot;content_width&quot;:&quot;boxed&quot;}\">\n\t\t\t\t\t<div class=\"e-con-inner\">\n\t\t\t\t<div class=\"elementor-element elementor-element-314f6fe elementor-widget__width-inherit elementor-widget elementor-widget-heading\" data-id=\"314f6fe\" data-element_type=\"widget\" data-widget_type=\"heading.default\">\n\t\t\t\t<div class=\"elementor-widget-container\">\n\t\t\t<h3 class=\"elementor-heading-title elementor-size-default\">Taxi<\/h3>\t\t<\/div>\n\t\t\t\t<\/div>\n\t\t\t\t<div class=\"elementor-element elementor-element-7234546 elementor-widget__width-inherit elementor-widget elementor-widget-text-editor\" data-id=\"7234546\" data-element_type=\"widget\" data-widget_type=\"text-editor.default\">\n\t\t\t\t<div class=\"elementor-widget-container\">\n\t\t\t\t\t\t\t<p>I taxi dall&#8217;Aeroporto di Linate non hanno un prezzo fisso e operano in base al tassametro. La tariffa per il centro citt\u00e0 oscilla generalmente <strong>tra i \u20ac30<\/strong> (<strong>US$32.70<\/strong>) <strong>e i \u20ac40<\/strong> (<strong>US$43.60<\/strong>).<\/p>\n\t\t\t\t\t\t<\/div>\n\t\t\t\t<\/div>\n\t\t\t\t\t<\/div>\n\t\t\t\t<\/div>\n\t\t\t\t\t<\/div>\n\t\t\t\t<\/div>\n\t\t<div class=\"elementor-element elementor-element-2e65fa7 e-flex e-con-boxed e-con e-parent\" data-id=\"2e65fa7\" data-element_type=\"container\" data-settings=\"{&quot;content_width&quot;:&quot;boxed&quot;}\" data-core-v316-plus=\"true\">\n\t\t\t\t\t<div class=\"e-con-inner\">\n\t\t\t\t<div class=\"elementor-element elementor-element-67473e4 elementor-widget__width-inherit elementor-widget elementor-widget-heading\" data-id=\"67473e4\" data-element_type=\"widget\" data-widget_type=\"heading.default\">\n\t\t\t\t<div class=\"elementor-widget-container\">\n\t\t\t<h2 class=\"elementor-heading-title elementor-size-default\">Scopri gli altri aeroporti di Milano<\/h2>\t\t<\/div>\n\t\t\t\t<\/div>\n\t\t<div class=\"elementor-element elementor-element-17f77b5 e-con-full e-flex e-con e-child\" data-id=\"17f77b5\" data-element_type=\"container\" data-settings=\"{&quot;content_width&quot;:&quot;full&quot;}\">\n\t\t\t\t<div class=\"elementor-element elementor-element-2f40751 elementor-cta--skin-cover elementor-widget__width-initial elementor-widget elementor-widget-call-to-action\" data-id=\"2f40751\" data-element_type=\"widget\" data-widget_type=\"call-to-action.default\">\n\t\t\t\t<div class=\"elementor-widget-container\">\n\t\t\t<link rel=\"stylesheet\" href=\"https:\/\/www.milanpublictransportation.com\/wp-content\/plugins\/elementor-pro\/assets\/css\/widget-call-to-action.min.css\">\t\t<a class=\"elementor-cta\" href=\"https:\/\/www.milanpublictransportation.com\/airport-transfers\/milan-malpensa-airport\/\">\n\t\t\t\t\t<div class=\"elementor-cta__bg-wrapper\">\n\t\t\t\t<div class=\"elementor-cta__bg elementor-bg\" style=\"background-image: url();\" role=\"img\" aria-label=\"\"><\/div>\n\t\t\t\t<div class=\"elementor-cta__bg-overlay\"><\/div>\n\t\t\t<\/div>\n\t\t\t\t\t\t\t<div class=\"elementor-cta__content\">\n\t\t\t\t\n\t\t\t\t\t\t\t\t\t<h3 class=\"elementor-cta__title elementor-cta__content-item elementor-content-item\">\n\t\t\t\t\t\tAeroporto di Milano Malpensa (MXP)\t\t\t\t\t<\/h3>\n\t\t\t\t\n\t\t\t\t\t\t\t\t\t<div class=\"elementor-cta__description elementor-cta__content-item elementor-content-item\">\n\t\t\t\t\t\t<p>L'aeroporto di Milano Malpensa (MXP) \u00e8 <b>il pi\u00f9 grande aeroporto internazionale di Milano<\/b>, con il pi\u00f9 alto volume di passeggeri. Ogni anno, pi\u00f9 di 28 milioni di viaggiatori si imbarcano da e per Malpensa, assicurandosi la posizione di <b>secondo aeroporto pi\u00f9 importante d'Italia<\/b>.<\/p>\n\t\t\t\t\t<\/div>\n\t\t\t\t\n\t\t\t\t\t\t\t<\/div>\n\t\t\t\t\t\t<\/a>\n\t\t\t\t<\/div>\n\t\t\t\t<\/div>\n\t\t\t\t<div class=\"elementor-element elementor-element-249b8d3 elementor-cta--skin-cover elementor-widget__width-initial elementor-widget elementor-widget-call-to-action\" data-id=\"249b8d3\" data-element_type=\"widget\" data-widget_type=\"call-to-action.default\">\n\t\t\t\t<div class=\"elementor-widget-container\">\n\t\t\t\t\t<a class=\"elementor-cta\" href=\"https:\/\/www.milanpublictransportation.com\/airport-transfers\/bergamo-airport\/\">\n\t\t\t\t\t<div class=\"elementor-cta__bg-wrapper\">\n\t\t\t\t<div class=\"elementor-cta__bg elementor-bg\" style=\"background-image: url();\" role=\"img\" aria-label=\"\"><\/div>\n\t\t\t\t<div class=\"elementor-cta__bg-overlay\"><\/div>\n\t\t\t<\/div>\n\t\t\t\t\t\t\t<div class=\"elementor-cta__content\">\n\t\t\t\t\n\t\t\t\t\t\t\t\t\t<h3 class=\"elementor-cta__title elementor-cta__content-item elementor-content-item\">\n\t\t\t\t\t\tAeroporto di Bergamo (BGY)\t\t\t\t\t<\/h3>\n\t\t\t\t\n\t\t\t\t\t\t\t\t\t<div class=\"elementor-cta__description elementor-cta__content-item elementor-content-item\">\n\t\t\t\t\t\t<p>L'Aeroporto di Bergamo (BGY), <b>ufficialmente noto come Aeroporto di Orio Al Serio<\/b>, \u00e8 l'hub principale delle compagnie aeree low-cost che operano nella regione di Milano. Situato a 45 km dal centro della citt\u00e0, l'aeroporto di Bergamo rivaleggia con l'aeroporto internazionale di Milano, l'aeroporto di Malpensa.<\/p>\n\t\t\t\t\t<\/div>\n\t\t\t\t\n\t\t\t\t\t\t\t<\/div>\n\t\t\t\t\t\t<\/a>\n\t\t\t\t<\/div>\n\t\t\t\t<\/div>\n\t\t\t\t<\/div>\n\t\t\t\t\t<\/div>\n\t\t\t\t<\/div>\n\t\t\t\t\t\t\t<\/div>\n\t\t","protected":false},"excerpt":{"rendered":"<p>Aeroporto di Milano Linate L&#8217;aeroporto di Milano Linate (LIN) si colloca come uno dei tre aeroporti che collegano Milano a livello globale, seguendo il pi\u00f9 grande Aeroporto di Malpensa. L&#8217;aeroporto pi\u00f9 vicino Nominato in modo significativo Aeroporto Enrico Forlanini in onore dell&#8217;inventore italiano e pioniere dell&#8217;aviazione, vanta il titolo di essere l&#8217;aeroporto pi\u00f9 vicino a [&hellip;]<\/p>\n","protected":false},"author":1,"featured_media":0,"parent":5998,"menu_order":0,"comment_status":"closed","ping_status":"closed","template":"elementor_header_footer","meta":{"footnotes":""},"class_list":["post-6021","page","type-page","status-publish","hentry"],"acf":[],"_links":{"self":[{"href":"https:\/\/www.milanpublictransportation.com\/it\/wp-json\/wp\/v2\/pages\/6021","targetHints":{"allow":["GET"]}}],"collection":[{"href":"https:\/\/www.milanpublictransportation.com\/it\/wp-json\/wp\/v2\/pages"}],"about":[{"href":"https:\/\/www.milanpublictransportation.com\/it\/wp-json\/wp\/v2\/types\/page"}],"author":[{"embeddable":true,"href":"https:\/\/www.milanpublictransportation.com\/it\/wp-json\/wp\/v2\/users\/1"}],"replies":[{"embeddable":true,"href":"https:\/\/www.milanpublictransportation.com\/it\/wp-json\/wp\/v2\/comments?post=6021"}],"version-history":[{"count":1,"href":"https:\/\/www.milanpublictransportation.com\/it\/wp-json\/wp\/v2\/pages\/6021\/revisions"}],"predecessor-version":[{"id":6022,"href":"https:\/\/www.milanpublictransportation.com\/it\/wp-json\/wp\/v2\/pages\/6021\/revisions\/6022"}],"up":[{"embeddable":true,"href":"https:\/\/www.milanpublictransportation.com\/it\/wp-json\/wp\/v2\/pages\/5998"}],"wp:attachment":[{"href":"https:\/\/www.milanpublictransportation.com\/it\/wp-json\/wp\/v2\/media?parent=6021"}],"curies":[{"name":"wp","href":"https:\/\/api.w.org\/{rel}","templated":true}]}}