{"id":6035,"date":"2023-11-23T17:43:38","date_gmt":"2023-11-23T16:43:38","guid":{"rendered":"https:\/\/www.milanpublictransportation.com\/trasferimenti-dallaeroporto\/aeroporto-di-bergamo\/"},"modified":"2023-11-29T12:47:49","modified_gmt":"2023-11-29T11:47:49","slug":"aeroporto-di-bergamo","status":"publish","type":"page","link":"https:\/\/www.milanpublictransportation.com\/it\/trasferimenti-dallaeroporto\/aeroporto-di-bergamo\/","title":{"rendered":"Aeroporto di Bergamo"},"content":{"rendered":"\t\t<div data-elementor-type=\"wp-page\" data-elementor-id=\"6035\" class=\"elementor elementor-6035 elementor-4767\" data-elementor-post-type=\"page\">\n\t\t\t\t\t\t\t<div class=\"elementor-element elementor-element-a9f08b6 e-flex e-con-boxed e-con e-parent\" data-id=\"a9f08b6\" data-element_type=\"container\" data-settings=\"{&quot;background_background&quot;:&quot;classic&quot;,&quot;content_width&quot;:&quot;boxed&quot;}\" data-core-v316-plus=\"true\">\n\t\t\t\t\t<div class=\"e-con-inner\">\n\t\t<div class=\"elementor-element elementor-element-02942d9 e-con-full e-flex e-con e-child\" data-id=\"02942d9\" data-element_type=\"container\" data-settings=\"{&quot;content_width&quot;:&quot;full&quot;,&quot;background_background&quot;:&quot;classic&quot;}\">\n\t\t\t\t<div class=\"elementor-element elementor-element-c1fe0ad elementor-widget elementor-widget-shortcode\" data-id=\"c1fe0ad\" data-element_type=\"widget\" data-widget_type=\"shortcode.default\">\n\t\t\t\t<div class=\"elementor-widget-container\">\n\t\t\t\t\t<div class=\"elementor-shortcode\"><nav aria-label=\"breadcrumbs\" class=\"rank-math-breadcrumb\"><p><span class=\"last\">Milan Public Transportation<\/span><\/p><\/nav><\/div>\n\t\t\t\t<\/div>\n\t\t\t\t<\/div>\n\t\t\t\t<div class=\"elementor-element elementor-element-5456812 elementor-widget elementor-widget-heading\" data-id=\"5456812\" data-element_type=\"widget\" data-widget_type=\"heading.default\">\n\t\t\t\t<div class=\"elementor-widget-container\">\n\t\t\t<style>\/*! elementor - v3.18.0 - 20-12-2023 *\/\n.elementor-heading-title{padding:0;margin:0;line-height:1}.elementor-widget-heading .elementor-heading-title[class*=elementor-size-]>a{color:inherit;font-size:inherit;line-height:inherit}.elementor-widget-heading .elementor-heading-title.elementor-size-small{font-size:15px}.elementor-widget-heading .elementor-heading-title.elementor-size-medium{font-size:19px}.elementor-widget-heading .elementor-heading-title.elementor-size-large{font-size:29px}.elementor-widget-heading .elementor-heading-title.elementor-size-xl{font-size:39px}.elementor-widget-heading .elementor-heading-title.elementor-size-xxl{font-size:59px}<\/style><h1 class=\"elementor-heading-title elementor-size-default\">Aeroporto di Bergamo<\/h1>\t\t<\/div>\n\t\t\t\t<\/div>\n\t\t\t\t<div class=\"elementor-element elementor-element-67cca1e elementor-widget elementor-widget-text-editor\" data-id=\"67cca1e\" data-element_type=\"widget\" data-widget_type=\"text-editor.default\">\n\t\t\t\t<div class=\"elementor-widget-container\">\n\t\t\t<style>\/*! elementor - v3.18.0 - 20-12-2023 *\/\n.elementor-widget-text-editor.elementor-drop-cap-view-stacked .elementor-drop-cap{background-color:#69727d;color:#fff}.elementor-widget-text-editor.elementor-drop-cap-view-framed .elementor-drop-cap{color:#69727d;border:3px solid;background-color:transparent}.elementor-widget-text-editor:not(.elementor-drop-cap-view-default) .elementor-drop-cap{margin-top:8px}.elementor-widget-text-editor:not(.elementor-drop-cap-view-default) .elementor-drop-cap-letter{width:1em;height:1em}.elementor-widget-text-editor .elementor-drop-cap{float:left;text-align:center;line-height:1;font-size:50px}.elementor-widget-text-editor .elementor-drop-cap-letter{display:inline-block}<\/style>\t\t\t\t<p>L&#8217;aeroporto di Bergamo (BGY), conosciuto ufficialmente come <strong>Aeroporto di Orio Al Serio<\/strong> a causa della sua ubicazione nel comune di Orio al Serio, funge da <strong>principale hub per le compagnie aeree a basso costo<\/strong> che servono la regione di Milano.<\/p>\n\t\t\t\t\t\t<\/div>\n\t\t\t\t<\/div>\n\t\t\t\t<\/div>\n\t\t\t\t\t<\/div>\n\t\t\t\t<\/div>\n\t\t<div class=\"elementor-element elementor-element-23183d6 e-flex e-con-boxed e-con e-parent\" data-id=\"23183d6\" data-element_type=\"container\" data-settings=\"{&quot;background_background&quot;:&quot;classic&quot;,&quot;content_width&quot;:&quot;boxed&quot;}\" data-core-v316-plus=\"true\">\n\t\t\t\t\t<div class=\"e-con-inner\">\n\t\t<div class=\"elementor-element elementor-element-6ae3ab7 border-title e-con-full e-flex e-con e-child\" data-id=\"6ae3ab7\" data-element_type=\"container\" data-settings=\"{&quot;content_width&quot;:&quot;full&quot;}\">\n\t\t\t\t<div class=\"elementor-element elementor-element-84c0949 elementor-widget elementor-widget-heading\" data-id=\"84c0949\" data-element_type=\"widget\" data-widget_type=\"heading.default\">\n\t\t\t\t<div class=\"elementor-widget-container\">\n\t\t\t<h2 class=\"elementor-heading-title elementor-size-default\">Oltre 13 milioni di passeggeri all'anno<\/h2>\t\t<\/div>\n\t\t\t\t<\/div>\n\t\t\t\t<div class=\"elementor-element elementor-element-d8cba3e elementor-widget__width-initial elementor-widget elementor-widget-text-editor\" data-id=\"d8cba3e\" data-element_type=\"widget\" data-widget_type=\"text-editor.default\">\n\t\t\t\t<div class=\"elementor-widget-container\">\n\t\t\t\t\t\t\t<p><strong>Situato a 30 miglia<\/strong> (<strong>45 km<\/strong>) <strong>dal centro citt\u00e0<\/strong>, l&#8217;Aeroporto di Bergamo si trova a una distanza simile all&#8217;importante aeroporto internazionale di Milano, l&#8217;Aeroporto di Malpensa.<\/p>\n<p><strong>L&#8217;Aeroporto di Orio Al Serio<\/strong> ha registrato una crescita, attribuibile alla presenza di vettori a basso costo come Ryanair ed EasyJet, accogliendo oltre 13 milioni di passeggeri ogni anno.<\/p>\n\t\t\t\t\t\t<\/div>\n\t\t\t\t<\/div>\n\t\t\t\t<\/div>\n\t\t<div class=\"elementor-element elementor-element-c65022b border-title e-con-full e-flex e-con e-child\" data-id=\"c65022b\" data-element_type=\"container\" data-settings=\"{&quot;content_width&quot;:&quot;full&quot;}\">\n\t\t\t\t<div class=\"elementor-element elementor-element-fc5853c elementor-widget elementor-widget-image\" data-id=\"fc5853c\" data-element_type=\"widget\" data-widget_type=\"image.default\">\n\t\t\t\t<div class=\"elementor-widget-container\">\n\t\t\t<style>\/*! elementor - v3.18.0 - 20-12-2023 *\/\n.elementor-widget-image{text-align:center}.elementor-widget-image a{display:inline-block}.elementor-widget-image a img[src$=\".svg\"]{width:48px}.elementor-widget-image img{vertical-align:middle;display:inline-block}<\/style>\t\t\t\t\t\t\t\t\t\t\t\t<img fetchpriority=\"high\" decoding=\"async\" width=\"800\" height=\"533\" src=\"https:\/\/www.milanpublictransportation.com\/wp-content\/uploads\/2023\/11\/milan_public_transportation_30.jpg\" class=\"attachment-large size-large wp-image-5619\" alt=\"\" srcset=\"https:\/\/www.milanpublictransportation.com\/wp-content\/uploads\/2023\/11\/milan_public_transportation_30.jpg 900w, https:\/\/www.milanpublictransportation.com\/wp-content\/uploads\/2023\/11\/milan_public_transportation_30-300x200.jpg 300w, https:\/\/www.milanpublictransportation.com\/wp-content\/uploads\/2023\/11\/milan_public_transportation_30-768x512.jpg 768w, https:\/\/www.milanpublictransportation.com\/wp-content\/uploads\/2023\/11\/milan_public_transportation_30-600x400.jpg 600w\" sizes=\"(max-width: 800px) 100vw, 800px\" \/>\t\t\t\t\t\t\t\t\t\t\t\t\t\t\t<\/div>\n\t\t\t\t<\/div>\n\t\t\t\t<\/div>\n\t\t\t\t\t<\/div>\n\t\t\t\t<\/div>\n\t\t<div class=\"elementor-element elementor-element-aa34345 e-flex e-con-boxed e-con e-parent\" data-id=\"aa34345\" data-element_type=\"container\" data-settings=\"{&quot;content_width&quot;:&quot;boxed&quot;}\" data-core-v316-plus=\"true\">\n\t\t\t\t\t<div class=\"e-con-inner\">\n\t\t<div class=\"elementor-element elementor-element-ae4627e e-flex e-con-boxed e-con e-child\" data-id=\"ae4627e\" data-element_type=\"container\" data-settings=\"{&quot;content_width&quot;:&quot;boxed&quot;}\">\n\t\t\t\t\t<div class=\"e-con-inner\">\n\t\t\t\t<div class=\"elementor-element elementor-element-b28e097 elementor-widget__width-inherit elementor-widget elementor-widget-heading\" data-id=\"b28e097\" data-element_type=\"widget\" data-widget_type=\"heading.default\">\n\t\t\t\t<div class=\"elementor-widget-container\">\n\t\t\t<h2 class=\"elementor-heading-title elementor-size-default\">Raggiungere Milano dall'Aeroporto di Bergamo:<\/h2>\t\t<\/div>\n\t\t\t\t<\/div>\n\t\t\t\t<div class=\"elementor-element elementor-element-bc8cdb7 elementor-widget__width-inherit elementor-widget elementor-widget-heading\" data-id=\"bc8cdb7\" data-element_type=\"widget\" data-widget_type=\"heading.default\">\n\t\t\t\t<div class=\"elementor-widget-container\">\n\t\t\t<h3 class=\"elementor-heading-title elementor-size-default\">Autostradale \u2013 bus Terravision<\/h3>\t\t<\/div>\n\t\t\t\t<\/div>\n\t\t\t\t<div class=\"elementor-element elementor-element-acebd57 elementor-widget__width-inherit elementor-widget elementor-widget-text-editor\" data-id=\"acebd57\" data-element_type=\"widget\" data-widget_type=\"text-editor.default\">\n\t\t\t\t<div class=\"elementor-widget-container\">\n\t\t\t\t\t\t\t<p>I bus Terravision offrono il <strong>transito pi\u00f9 economico<\/strong> dall&#8217;Aeroporto di Bergamo a Milano (Stazione ferroviaria di Milano Centrale \u2013 Piazza Luigi Savoia). Un biglietto singolo costa 10 \u20ac, con l&#8217;opzione di un biglietto di andata e ritorno a 18 \u20ac.<\/p>\n<p>In funzione <strong>dalle 4:00 alle 1:00<\/strong>, questi autobus partono <strong>ogni 20-30 minuti<\/strong>. I servizi di ritorno da Milano vanno dalle 2:15 alle 22:10, con il viaggio che dura circa 1 ora. Prenota i biglietti sul loro sito web per beneficiare di <strong>sconti online<\/strong>.<\/p>\n\t\t\t\t\t\t<\/div>\n\t\t\t\t<\/div>\n\t\t\t\t\t<\/div>\n\t\t\t\t<\/div>\n\t\t<div class=\"elementor-element elementor-element-d4f8d38 e-flex e-con-boxed e-con e-child\" data-id=\"d4f8d38\" data-element_type=\"container\" data-settings=\"{&quot;content_width&quot;:&quot;boxed&quot;}\">\n\t\t\t\t\t<div class=\"e-con-inner\">\n\t\t\t\t<div class=\"elementor-element elementor-element-86e227f elementor-widget__width-inherit elementor-widget elementor-widget-heading\" data-id=\"86e227f\" data-element_type=\"widget\" data-widget_type=\"heading.default\">\n\t\t\t\t<div class=\"elementor-widget-container\">\n\t\t\t<h3 class=\"elementor-heading-title elementor-size-default\">Orio Shuttle<\/h3>\t\t<\/div>\n\t\t\t\t<\/div>\n\t\t\t\t<div class=\"elementor-element elementor-element-d4b5070 elementor-widget__width-inherit elementor-widget elementor-widget-text-editor\" data-id=\"d4b5070\" data-element_type=\"widget\" data-widget_type=\"text-editor.default\">\n\t\t\t\t<div class=\"elementor-widget-container\">\n\t\t\t\t\t\t\t<p>Orio Shuttle fornisce un collegamento comodo tra l&#8217;Aeroporto di Bergamo e Milano Centrale, partendo <strong>ogni 30 minuti dalle 3:00 alle 24:00<\/strong> (mezzanotte).<\/p>\n<p>I prezzi dei biglietti singoli partono da 10 \u20ac in su, variando a seconda del giorno. \u00c8 consigliabile garantire i biglietti in anticipo sul loro sito ufficiale.<\/p>\n\t\t\t\t\t\t<\/div>\n\t\t\t\t<\/div>\n\t\t\t\t\t<\/div>\n\t\t\t\t<\/div>\n\t\t<div class=\"elementor-element elementor-element-7d44d68 e-flex e-con-boxed e-con e-child\" data-id=\"7d44d68\" data-element_type=\"container\" data-settings=\"{&quot;content_width&quot;:&quot;boxed&quot;}\">\n\t\t\t\t\t<div class=\"e-con-inner\">\n\t\t\t\t<div class=\"elementor-element elementor-element-1db495f elementor-widget__width-inherit elementor-widget elementor-widget-heading\" data-id=\"1db495f\" data-element_type=\"widget\" data-widget_type=\"heading.default\">\n\t\t\t\t<div class=\"elementor-widget-container\">\n\t\t\t<h3 class=\"elementor-heading-title elementor-size-default\">Treno<\/h3>\t\t<\/div>\n\t\t\t\t<\/div>\n\t\t\t\t<div class=\"elementor-element elementor-element-183fa2f elementor-widget__width-inherit elementor-widget elementor-widget-text-editor\" data-id=\"183fa2f\" data-element_type=\"widget\" data-widget_type=\"text-editor.default\">\n\t\t\t\t<div class=\"elementor-widget-container\">\n\t\t\t\t\t\t\t<p>Nonostante l&#8217;Aeroporto di Bergamo non abbia una stazione ferroviaria, i viaggiatori possono <strong>prendere un autobus per la stazione ferroviaria di Bergamo e poi prendere un treno per Milano<\/strong>. Anche se questo metodo \u00e8 pi\u00f9 complesso, offre l&#8217;opportunit\u00e0 di esplorare Bergamo durante il viaggio di ritorno, a seconda delle considerazioni sul bagaglio.<\/p>\n\t\t\t\t\t\t<\/div>\n\t\t\t\t<\/div>\n\t\t\t\t\t<\/div>\n\t\t\t\t<\/div>\n\t\t<div class=\"elementor-element elementor-element-0d35b0c e-flex e-con-boxed e-con e-child\" data-id=\"0d35b0c\" data-element_type=\"container\" data-settings=\"{&quot;content_width&quot;:&quot;boxed&quot;}\">\n\t\t\t\t\t<div class=\"e-con-inner\">\n\t\t\t\t<div class=\"elementor-element elementor-element-3abd248 elementor-widget__width-inherit elementor-widget elementor-widget-heading\" data-id=\"3abd248\" data-element_type=\"widget\" data-widget_type=\"heading.default\">\n\t\t\t\t<div class=\"elementor-widget-container\">\n\t\t\t<h3 class=\"elementor-heading-title elementor-size-default\">Servizio di trasferimento<\/h3>\t\t<\/div>\n\t\t\t\t<\/div>\n\t\t\t\t<div class=\"elementor-element elementor-element-30a5840 elementor-widget__width-inherit elementor-widget elementor-widget-text-editor\" data-id=\"30a5840\" data-element_type=\"widget\" data-widget_type=\"text-editor.default\">\n\t\t\t\t<div class=\"elementor-widget-container\">\n\t\t\t\t\t\t\t<p>Per un viaggio comodo e senza stress verso il tuo hotel a Milano, considera di prenotare un <strong>servizio di trasferimento privato dall&#8217;Aeroporto di Bergamo<\/strong>. Un autista sar\u00e0 pronto al terminal, garantendo un trasferimento senza intoppi al tuo alloggio.<\/p>\n<p>Evita potenziali problemi <strong>prenotando il trasferimento online<\/strong>, con un costo di \u20ac115 (125,50 $ US).<\/p>\n\t\t\t\t\t\t<\/div>\n\t\t\t\t<\/div>\n\t\t\t\t\t<\/div>\n\t\t\t\t<\/div>\n\t\t<div class=\"elementor-element elementor-element-a7bb95e e-flex e-con-boxed e-con e-child\" data-id=\"a7bb95e\" data-element_type=\"container\" data-settings=\"{&quot;content_width&quot;:&quot;boxed&quot;}\">\n\t\t\t\t\t<div class=\"e-con-inner\">\n\t\t\t\t<div class=\"elementor-element elementor-element-a658cda elementor-widget__width-inherit elementor-widget elementor-widget-heading\" data-id=\"a658cda\" data-element_type=\"widget\" data-widget_type=\"heading.default\">\n\t\t\t\t<div class=\"elementor-widget-container\">\n\t\t\t<h3 class=\"elementor-heading-title elementor-size-default\">Taxi<\/h3>\t\t<\/div>\n\t\t\t\t<\/div>\n\t\t\t\t<div class=\"elementor-element elementor-element-cdb11d9 elementor-widget__width-inherit elementor-widget elementor-widget-text-editor\" data-id=\"cdb11d9\" data-element_type=\"widget\" data-widget_type=\"text-editor.default\">\n\t\t\t\t<div class=\"elementor-widget-container\">\n\t\t\t\t\t\t\t<p>Optare per un taxi dall&#8217;Aeroporto di Bergamo al centro di Milano supera i 100 \u20ac (109,10 $ US), con un tempo di viaggio di circa 50 minuti.<\/p>\n\t\t\t\t\t\t<\/div>\n\t\t\t\t<\/div>\n\t\t\t\t\t<\/div>\n\t\t\t\t<\/div>\n\t\t\t\t\t<\/div>\n\t\t\t\t<\/div>\n\t\t<div class=\"elementor-element elementor-element-9fef54b e-flex e-con-boxed e-con e-parent\" data-id=\"9fef54b\" data-element_type=\"container\" data-settings=\"{&quot;content_width&quot;:&quot;boxed&quot;}\" data-core-v316-plus=\"true\">\n\t\t\t\t\t<div class=\"e-con-inner\">\n\t\t\t\t<div class=\"elementor-element elementor-element-219a616 elementor-widget__width-inherit elementor-widget elementor-widget-heading\" data-id=\"219a616\" data-element_type=\"widget\" data-widget_type=\"heading.default\">\n\t\t\t\t<div class=\"elementor-widget-container\">\n\t\t\t<h2 class=\"elementor-heading-title elementor-size-default\">Scopri gli altri aeroporti di Milano<\/h2>\t\t<\/div>\n\t\t\t\t<\/div>\n\t\t<div class=\"elementor-element elementor-element-1464a6b e-con-full e-flex e-con e-child\" data-id=\"1464a6b\" data-element_type=\"container\" data-settings=\"{&quot;content_width&quot;:&quot;full&quot;}\">\n\t\t\t\t<div class=\"elementor-element elementor-element-44a7af6 elementor-cta--skin-cover elementor-widget__width-initial elementor-widget elementor-widget-call-to-action\" data-id=\"44a7af6\" data-element_type=\"widget\" data-widget_type=\"call-to-action.default\">\n\t\t\t\t<div class=\"elementor-widget-container\">\n\t\t\t<link rel=\"stylesheet\" href=\"https:\/\/www.milanpublictransportation.com\/wp-content\/plugins\/elementor-pro\/assets\/css\/widget-call-to-action.min.css\">\t\t<a class=\"elementor-cta\" href=\"https:\/\/www.milanpublictransportation.com\/airport-transfers\/milan-malpensa-airport\/\">\n\t\t\t\t\t<div class=\"elementor-cta__bg-wrapper\">\n\t\t\t\t<div class=\"elementor-cta__bg elementor-bg\" style=\"background-image: url();\" role=\"img\" aria-label=\"\"><\/div>\n\t\t\t\t<div class=\"elementor-cta__bg-overlay\"><\/div>\n\t\t\t<\/div>\n\t\t\t\t\t\t\t<div class=\"elementor-cta__content\">\n\t\t\t\t\n\t\t\t\t\t\t\t\t\t<h3 class=\"elementor-cta__title elementor-cta__content-item elementor-content-item\">\n\t\t\t\t\t\tAeroporto di Milano Malpensa (MXP)\t\t\t\t\t<\/h3>\n\t\t\t\t\n\t\t\t\t\t\t\t\t\t<div class=\"elementor-cta__description elementor-cta__content-item elementor-content-item\">\n\t\t\t\t\t\t<p>L'aeroporto di Milano Malpensa (MXP) \u00e8 <b>il pi\u00f9 grande aeroporto internazionale di Milano<\/b>, con il pi\u00f9 alto volume di passeggeri. Ogni anno, pi\u00f9 di 28 milioni di viaggiatori si imbarcano da e per Malpensa, assicurandosi la posizione di <b>secondo aeroporto pi\u00f9 importante d'Italia<\/b>.<\/p>\n\t\t\t\t\t<\/div>\n\t\t\t\t\n\t\t\t\t\t\t\t<\/div>\n\t\t\t\t\t\t<\/a>\n\t\t\t\t<\/div>\n\t\t\t\t<\/div>\n\t\t\t\t<div class=\"elementor-element elementor-element-969ce98 elementor-cta--skin-cover elementor-widget__width-initial elementor-widget elementor-widget-call-to-action\" data-id=\"969ce98\" data-element_type=\"widget\" data-widget_type=\"call-to-action.default\">\n\t\t\t\t<div class=\"elementor-widget-container\">\n\t\t\t\t\t<a class=\"elementor-cta\" href=\"https:\/\/www.milanpublictransportation.com\/airport-transfers\/milan-linate-airport\/\">\n\t\t\t\t\t<div class=\"elementor-cta__bg-wrapper\">\n\t\t\t\t<div class=\"elementor-cta__bg elementor-bg\" style=\"background-image: url();\" role=\"img\" aria-label=\"\"><\/div>\n\t\t\t\t<div class=\"elementor-cta__bg-overlay\"><\/div>\n\t\t\t<\/div>\n\t\t\t\t\t\t\t<div class=\"elementor-cta__content\">\n\t\t\t\t\n\t\t\t\t\t\t\t\t\t<h3 class=\"elementor-cta__title elementor-cta__content-item elementor-content-item\">\n\t\t\t\t\t\tAeroporto di Milano Linate (LIN)\t\t\t\t\t<\/h3>\n\t\t\t\t\n\t\t\t\t\t\t\t\t\t<div class=\"elementor-cta__description elementor-cta__content-item elementor-content-item\">\n\t\t\t\t\t\t<p>L'aeroporto di Milano Linate (LIN) \u00e8 uno dei tre aeroporti che collegano Milano a livello globale, dopo il pi\u00f9 grande aeroporto di Malpensa. Chiamato Aeroporto Enrico Forlanini, ha la particolarit\u00e0 di essere <b>l'aeroporto pi\u00f9 vicino a Milano<\/b>, situato a soli 8 km a sud-est del centro citt\u00e0.<\/p>\n\t\t\t\t\t<\/div>\n\t\t\t\t\n\t\t\t\t\t\t\t<\/div>\n\t\t\t\t\t\t<\/a>\n\t\t\t\t<\/div>\n\t\t\t\t<\/div>\n\t\t\t\t<\/div>\n\t\t\t\t\t<\/div>\n\t\t\t\t<\/div>\n\t\t\t\t\t\t\t<\/div>\n\t\t","protected":false},"excerpt":{"rendered":"<p>Aeroporto di Bergamo L&#8217;aeroporto di Bergamo (BGY), conosciuto ufficialmente come Aeroporto di Orio Al Serio a causa della sua ubicazione nel comune di Orio al Serio, funge da principale hub per le compagnie aeree a basso costo che servono la regione di Milano. Oltre 13 milioni di passeggeri all&#8217;anno Situato a 30 miglia (45 km) [&hellip;]<\/p>\n","protected":false},"author":1,"featured_media":0,"parent":5998,"menu_order":0,"comment_status":"closed","ping_status":"closed","template":"elementor_header_footer","meta":{"footnotes":""},"class_list":["post-6035","page","type-page","status-publish","hentry"],"acf":[],"_links":{"self":[{"href":"https:\/\/www.milanpublictransportation.com\/it\/wp-json\/wp\/v2\/pages\/6035","targetHints":{"allow":["GET"]}}],"collection":[{"href":"https:\/\/www.milanpublictransportation.com\/it\/wp-json\/wp\/v2\/pages"}],"about":[{"href":"https:\/\/www.milanpublictransportation.com\/it\/wp-json\/wp\/v2\/types\/page"}],"author":[{"embeddable":true,"href":"https:\/\/www.milanpublictransportation.com\/it\/wp-json\/wp\/v2\/users\/1"}],"replies":[{"embeddable":true,"href":"https:\/\/www.milanpublictransportation.com\/it\/wp-json\/wp\/v2\/comments?post=6035"}],"version-history":[{"count":1,"href":"https:\/\/www.milanpublictransportation.com\/it\/wp-json\/wp\/v2\/pages\/6035\/revisions"}],"predecessor-version":[{"id":6036,"href":"https:\/\/www.milanpublictransportation.com\/it\/wp-json\/wp\/v2\/pages\/6035\/revisions\/6036"}],"up":[{"embeddable":true,"href":"https:\/\/www.milanpublictransportation.com\/it\/wp-json\/wp\/v2\/pages\/5998"}],"wp:attachment":[{"href":"https:\/\/www.milanpublictransportation.com\/it\/wp-json\/wp\/v2\/media?parent=6035"}],"curies":[{"name":"wp","href":"https:\/\/api.w.org\/{rel}","templated":true}]}}